{"id":87,"date":"2023-07-09T22:59:47","date_gmt":"2023-07-09T22:59:47","guid":{"rendered":"https:\/\/malakasound.com\/?page_id=87"},"modified":"2024-06-25T11:48:21","modified_gmt":"2024-06-25T09:48:21","slug":"politica-de-cookies","status":"publish","type":"page","link":"https:\/\/malakasound.com\/es\/politica-de-cookies\/","title":{"rendered":"Pol\u00edtica de cookies"},"content":{"rendered":"\t\t<div data-elementor-type=\"wp-page\" data-elementor-id=\"87\" class=\"elementor elementor-87\" data-elementor-post-type=\"page\">\n\t\t\t\t\t\t<section class=\"elementor-section elementor-top-section elementor-element elementor-element-7829f16 elementor-section-boxed elementor-section-height-default elementor-section-height-default\" data-id=\"7829f16\" data-element_type=\"section\">\n\t\t\t\t\t\t<div class=\"elementor-container elementor-column-gap-default\">\n\t\t\t\t\t<div class=\"elementor-column elementor-col-100 elementor-top-column elementor-element elementor-element-cd0d703\" data-id=\"cd0d703\" data-element_type=\"column\">\n\t\t\t<div class=\"elementor-widget-wrap elementor-element-populated\">\n\t\t\t\t\t\t<div class=\"elementor-element elementor-element-d25cb3e elementor-widget elementor-widget-text-editor\" data-id=\"d25cb3e\" data-element_type=\"widget\" data-widget_type=\"text-editor.default\">\n\t\t\t\t<div class=\"elementor-widget-container\">\n\t\t\t\t\t\t\t\t\t<p>www.&#8212;&#8212;&#8212;&#8212;&#8212;&#8212;.com utiliza una tecnolog\u00eda denominada \u201ccookies\u201d con el fin de poder recaudar informaci\u00f3n sobre el uso del Sitio web. Lo informamos que podemos utilizar cookies con el fin de facilitar su navegaci\u00f3n a trav\u00e9s del Sitio web, distinguirle otros usuarios y analizar sus h\u00e1bitos de navegaci\u00f3n dentro del Sitio web.<br \/>La presente pol\u00edtica de cookies tiene por finalidad informarlo de manera clara y precisa sobre las cookies que se utilizan en nuestro Sitio web.<\/p><p><strong>QU\u00c9 SON LAS COOKIES?<\/strong><br \/>Una cookie es un archivo que se descarga en su equipo (ordenador o dispositivo m\u00f3vil) con el fin de almacenar datos, que podr\u00e1n ser actualizadas y recuperadas por la entidad responsable de su instalaci\u00f3n.<br \/>La informaci\u00f3n recaudada a trav\u00e9s de las cookies puede incluir la direcci\u00f3n IP, fecha y hora de visitas en el Sitio web, las p\u00e1ginas visionadas dentro del Sitio web, el tiempo que ha estado en nuestro Sitio web y los lugares visitados justo antes y despu\u00e9s del mismo y otros datos de navegaci\u00f3n. As\u00ed, las cookies permiten obtener informaci\u00f3n sobre sus h\u00e1bitos de navegaci\u00f3n.<\/p><p><strong>TIPO DE COOKIES QUE SE USAN EN EL SITIO WEB<\/strong><br \/>Por un lado, el titular de este Sitio web utilizar\u00e1 cookies propias t\u00e9cnicas, para las cuales no es necesaria la obtenci\u00f3n de su consentimiento, para estar excluidas del \u00e1mbito de aplicaci\u00f3n del art\u00edculo 22.2 de la Ley 34\/2002, de 11 de julio, de servicios de la sociedad de la informaci\u00f3n y de comercio electr\u00f3nico.<br \/>Sin embargo, este Sitio web instala cookies que requieren el consentimiento de los usuarios. A continuaci\u00f3n podr\u00e1 encontrar la informaci\u00f3n relativa en estas cookies:<br \/>\u2022 COOKIES PROPIAS<br \/>\u2022 COOKIES ANAL\u00cdTICAS<br \/>En nuestro Sitio web utilizamos el sistema de medici\u00f3n de audiencia Google Analytics, una herramienta de an\u00e1lisis web de Google LLC. (\u201cGoogle\u201d), con domicilio en 1600 *Amphitheatre *Parkway, *Mountain *View, California 94043 (los EE. UU.), que nos permite conocer como interact\u00faan los usuarios de nuestro Lugar. La instalaci\u00f3n de las cookies anal\u00edticas de este servicio, junto con nuestros archivos de registro del servidor, nos permite conocer el n\u00famero total de usuarios que visitan nuestro Sitio web y aquellas partes del mismo que disfrutan de mayor popularidad. Gracias a ellas obtenemos una informaci\u00f3n que puede ayudarnos a mejorar la navegaci\u00f3n y dar un mejor servicio a usuarios y clientes. Lo informamos que la transferencia internacional en Google se ampara en la formalizaci\u00f3n de las cl\u00e1usulas contractuales tipos aprobadas por la Comisi\u00f3n Europea.<\/p><p><strong>RECHAZO Y REVOCACI\u00d3N DEL CONSENTIMIENTO<\/strong><br \/>Puede rechazar el uso de cookies en este sitio web y revocar su consentimiento utilizando.<\/p><p><strong>ELIMINACI\u00d3N DE COOKIES<\/strong><br \/>En cualquier caso, lo informamos que puede eliminar, bloquear o deshabilitar las cookies en cualquier momento modificando la configuraci\u00f3n de su navegador, que le permitir\u00e1 rechazar la instalaci\u00f3n de todas las cookies o de algunas de ellas. Si elimina todas las cookies de este sitio web, a trav\u00e9s de su navegador, borrar\u00e1 tambi\u00e9n las opciones de configuraci\u00f3n que haya elegido sobre nuestras cookies (aceptaci\u00f3n, rechazo o revocaci\u00f3n de su uso). A continuaci\u00f3n, podr\u00e1 encontrar informaci\u00f3n sobre como gestionar el uso de cookies en funci\u00f3n del navegador utilizado:<\/p><p><a href=\"https:\/\/support.mozilla.org\/es\/kb\/habilitar-y-deshabilitar-cookies-sitios-web-rastrear-preferencias\">Firefox<\/a><\/p><p><a href=\"https:\/\/support.google.com\/chrome\/answer\/95647?co=genie.platform%*3DDesktop&amp;*hl=es\">Chrome<\/a><\/p><p><a href=\"https:\/\/support.apple.com\/es-es\/guide\/safari\/sfri11471\/mac\">Safari<\/a><\/p><p><a href=\"https:\/\/support.microsoft.com\/es-es\/help\/17442\/windows-internet-explorer-delete-manage-cookies\">Internet Explorer<\/a><\/p><p><a href=\"https:\/\/privacy.microsoft.com\/es-es\/windows-10-microsoft-edge-and-privacy\">Microsoft Edge<\/a><\/p><p><strong>CAMBIOS EN LA POL\u00cdTICA DE COOKIES<\/strong><br \/>Es posible que actualicemos la Pol\u00edtica de Cookies de nuestro Sitio web. Por eso, le recomendamos revisar esta pol\u00edtica cada vez que acceda a nuestro Sitio web con el objetivo de estar adecuadamente informado sobre c\u00f3mo y para que usamos las cookies.<\/p><p><strong>POL\u00cdTICA DE PRIVACIDAD<\/strong><br \/>Puede leer nuestra pol\u00edtica de privacidad para una mayor informaci\u00f3n sobre el tratamiento de datos personales.<\/p><p><strong>CONTACTO<\/strong><br \/>Si tuviera alguna duda, comentario o sugerencia sobre la Pol\u00edtica de Cookies, por favor escriba a: danny.malakasound@gmail.com<\/p>\t\t\t\t\t\t\t\t<\/div>\n\t\t\t\t<\/div>\n\t\t\t\t\t<\/div>\n\t\t<\/div>\n\t\t\t\t\t<\/div>\n\t\t<\/section>\n\t\t\t\t<section class=\"elementor-section elementor-top-section elementor-element elementor-element-da68113 elementor-section-boxed elementor-section-height-default elementor-section-height-default\" data-id=\"da68113\" data-element_type=\"section\">\n\t\t\t\t\t\t<div class=\"elementor-container elementor-column-gap-default\">\n\t\t\t\t\t<div class=\"elementor-column elementor-col-100 elementor-top-column elementor-element elementor-element-bf3dd5b\" data-id=\"bf3dd5b\" data-element_type=\"column\">\n\t\t\t<div class=\"elementor-widget-wrap elementor-element-populated\">\n\t\t\t\t\t\t<div class=\"elementor-element elementor-element-ab64d80 elementor-widget elementor-widget-spacer\" data-id=\"ab64d80\" data-element_type=\"widget\" data-widget_type=\"spacer.default\">\n\t\t\t\t<div class=\"elementor-widget-container\">\n\t\t\t\t\t\t\t<div class=\"elementor-spacer\">\n\t\t\t<div class=\"elementor-spacer-inner\"><\/div>\n\t\t<\/div>\n\t\t\t\t\t\t<\/div>\n\t\t\t\t<\/div>\n\t\t\t\t\t<\/div>\n\t\t<\/div>\n\t\t\t\t\t<\/div>\n\t\t<\/section>\n\t\t\t\t<\/div>\n\t\t","protected":false},"excerpt":{"rendered":"<p>www.&#8212;&#8212;&#8212;&#8212;&#8212;&#8212;.com utiliza una tecnolog\u00eda denominada \u201ccookies\u201d con el fin de poder recaudar informaci\u00f3n sobre el uso del Sitio web. Lo informamos que podemos utilizar cookies con el fin de facilitar su navegaci\u00f3n a trav\u00e9s del Sitio web, distinguirle otros usuarios y analizar sus h\u00e1bitos de navegaci\u00f3n dentro del Sitio web.La presente pol\u00edtica de cookies tiene [&hellip;]<\/p>\n","protected":false},"author":1,"featured_media":0,"parent":0,"menu_order":0,"comment_status":"closed","ping_status":"closed","template":"","meta":{"footnotes":""},"class_list":["post-87","page","type-page","status-publish","hentry"],"yoast_head":"<!-- This site is optimized with the Yoast SEO Premium plugin v20.11 (Yoast SEO v23.9) - https:\/\/yoast.com\/wordpress\/plugins\/seo\/ -->\n<title>Pol\u00edtica de cookies - KitDigital.dev Plantilla<\/title>\n<meta name=\"robots\" content=\"noindex, follow\" \/>\n<meta property=\"og:locale\" content=\"es_ES\" \/>\n<meta property=\"og:type\" content=\"article\" \/>\n<meta property=\"og:title\" content=\"Pol\u00edtica de cookies\" \/>\n<meta property=\"og:description\" content=\"www.&#8212;&#8212;&#8212;&#8212;&#8212;&#8212;.com utiliza una tecnolog\u00eda denominada \u201ccookies\u201d con el fin de poder recaudar informaci\u00f3n sobre el uso del Sitio web. Lo informamos que podemos utilizar cookies con el fin de facilitar su navegaci\u00f3n a trav\u00e9s del Sitio web, distinguirle otros usuarios y analizar sus h\u00e1bitos de navegaci\u00f3n dentro del Sitio web.La presente pol\u00edtica de cookies tiene [&hellip;]\" \/>\n<meta property=\"og:url\" content=\"https:\/\/malakasound.com\/politica-de-cookies\/\" \/>\n<meta property=\"og:site_name\" content=\"KitDigital.dev Plantilla\" \/>\n<meta property=\"article:modified_time\" content=\"2024-06-25T09:48:21+00:00\" \/>\n<meta name=\"twitter:card\" content=\"summary_large_image\" \/>\n<meta name=\"twitter:label1\" content=\"Tiempo de lectura\" \/>\n\t<meta name=\"twitter:data1\" content=\"3 minutos\" \/>\n<script type=\"application\/ld+json\" class=\"yoast-schema-graph\">{\"@context\":\"https:\/\/schema.org\",\"@graph\":[{\"@type\":\"WebPage\",\"@id\":\"https:\/\/malakasound.com\/politica-de-cookies\/\",\"url\":\"https:\/\/malakasound.com\/politica-de-cookies\/\",\"name\":\"Pol\u00edtica de cookies - KitDigital.dev Plantilla\",\"isPartOf\":{\"@id\":\"https:\/\/malakasound.com\/#website\"},\"datePublished\":\"2023-07-09T22:59:47+00:00\",\"dateModified\":\"2024-06-25T09:48:21+00:00\",\"breadcrumb\":{\"@id\":\"https:\/\/malakasound.com\/politica-de-cookies\/#breadcrumb\"},\"inLanguage\":\"es\",\"potentialAction\":[{\"@type\":\"ReadAction\",\"target\":[\"https:\/\/malakasound.com\/politica-de-cookies\/\"]}]},{\"@type\":\"BreadcrumbList\",\"@id\":\"https:\/\/malakasound.com\/politica-de-cookies\/#breadcrumb\",\"itemListElement\":[{\"@type\":\"ListItem\",\"position\":1,\"name\":\"Portada\",\"item\":\"https:\/\/malakasound.com\/es\/\"},{\"@type\":\"ListItem\",\"position\":2,\"name\":\"Pol\u00edtica de cookies\"}]},{\"@type\":\"WebSite\",\"@id\":\"https:\/\/malakasound.com\/#website\",\"url\":\"https:\/\/malakasound.com\/\",\"name\":\"KitDigital.dev Plantilla\",\"description\":\"\",\"potentialAction\":[{\"@type\":\"SearchAction\",\"target\":{\"@type\":\"EntryPoint\",\"urlTemplate\":\"https:\/\/malakasound.com\/?s={search_term_string}\"},\"query-input\":{\"@type\":\"PropertyValueSpecification\",\"valueRequired\":true,\"valueName\":\"search_term_string\"}}],\"inLanguage\":\"es\"}]}<\/script>\n<!-- \/ Yoast SEO Premium plugin. -->","yoast_head_json":{"title":"Pol\u00edtica de cookies - KitDigital.dev Plantilla","robots":{"index":"noindex","follow":"follow"},"og_locale":"es_ES","og_type":"article","og_title":"Pol\u00edtica de cookies","og_description":"www.&#8212;&#8212;&#8212;&#8212;&#8212;&#8212;.com utiliza una tecnolog\u00eda denominada \u201ccookies\u201d con el fin de poder recaudar informaci\u00f3n sobre el uso del Sitio web. Lo informamos que podemos utilizar cookies con el fin de facilitar su navegaci\u00f3n a trav\u00e9s del Sitio web, distinguirle otros usuarios y analizar sus h\u00e1bitos de navegaci\u00f3n dentro del Sitio web.La presente pol\u00edtica de cookies tiene [&hellip;]","og_url":"https:\/\/malakasound.com\/politica-de-cookies\/","og_site_name":"KitDigital.dev Plantilla","article_modified_time":"2024-06-25T09:48:21+00:00","twitter_card":"summary_large_image","twitter_misc":{"Tiempo de lectura":"3 minutos"},"schema":{"@context":"https:\/\/schema.org","@graph":[{"@type":"WebPage","@id":"https:\/\/malakasound.com\/politica-de-cookies\/","url":"https:\/\/malakasound.com\/politica-de-cookies\/","name":"Pol\u00edtica de cookies - KitDigital.dev Plantilla","isPartOf":{"@id":"https:\/\/malakasound.com\/#website"},"datePublished":"2023-07-09T22:59:47+00:00","dateModified":"2024-06-25T09:48:21+00:00","breadcrumb":{"@id":"https:\/\/malakasound.com\/politica-de-cookies\/#breadcrumb"},"inLanguage":"es","potentialAction":[{"@type":"ReadAction","target":["https:\/\/malakasound.com\/politica-de-cookies\/"]}]},{"@type":"BreadcrumbList","@id":"https:\/\/malakasound.com\/politica-de-cookies\/#breadcrumb","itemListElement":[{"@type":"ListItem","position":1,"name":"Portada","item":"https:\/\/malakasound.com\/es\/"},{"@type":"ListItem","position":2,"name":"Pol\u00edtica de cookies"}]},{"@type":"WebSite","@id":"https:\/\/malakasound.com\/#website","url":"https:\/\/malakasound.com\/","name":"KitDigital.dev Plantilla","description":"","potentialAction":[{"@type":"SearchAction","target":{"@type":"EntryPoint","urlTemplate":"https:\/\/malakasound.com\/?s={search_term_string}"},"query-input":{"@type":"PropertyValueSpecification","valueRequired":true,"valueName":"search_term_string"}}],"inLanguage":"es"}]}},"_links":{"self":[{"href":"https:\/\/malakasound.com\/es\/wp-json\/wp\/v2\/pages\/87","targetHints":{"allow":["GET"]}}],"collection":[{"href":"https:\/\/malakasound.com\/es\/wp-json\/wp\/v2\/pages"}],"about":[{"href":"https:\/\/malakasound.com\/es\/wp-json\/wp\/v2\/types\/page"}],"author":[{"embeddable":true,"href":"https:\/\/malakasound.com\/es\/wp-json\/wp\/v2\/users\/1"}],"replies":[{"embeddable":true,"href":"https:\/\/malakasound.com\/es\/wp-json\/wp\/v2\/comments?post=87"}],"version-history":[{"count":10,"href":"https:\/\/malakasound.com\/es\/wp-json\/wp\/v2\/pages\/87\/revisions"}],"predecessor-version":[{"id":1626,"href":"https:\/\/malakasound.com\/es\/wp-json\/wp\/v2\/pages\/87\/revisions\/1626"}],"wp:attachment":[{"href":"https:\/\/malakasound.com\/es\/wp-json\/wp\/v2\/media?parent=87"}],"curies":[{"name":"wp","href":"https:\/\/api.w.org\/{rel}","templated":true}]}}