{"id":82,"date":"2023-07-09T22:57:05","date_gmt":"2023-07-09T22:57:05","guid":{"rendered":"https:\/\/malakasound.com\/?page_id=82"},"modified":"2024-06-25T11:50:05","modified_gmt":"2024-06-25T09:50:05","slug":"politica-de-privacidad","status":"publish","type":"page","link":"https:\/\/malakasound.com\/es\/politica-de-privacidad\/","title":{"rendered":"Pol\u00edtica de privacidad"},"content":{"rendered":"\t\t<div data-elementor-type=\"wp-page\" data-elementor-id=\"82\" class=\"elementor elementor-82\" data-elementor-post-type=\"page\">\n\t\t\t\t\t\t<section class=\"elementor-section elementor-top-section elementor-element elementor-element-d00621c elementor-section-boxed elementor-section-height-default elementor-section-height-default\" data-id=\"d00621c\" data-element_type=\"section\">\n\t\t\t\t\t\t<div class=\"elementor-container elementor-column-gap-default\">\n\t\t\t\t\t<div class=\"elementor-column elementor-col-100 elementor-top-column elementor-element elementor-element-322c026\" data-id=\"322c026\" data-element_type=\"column\">\n\t\t\t<div class=\"elementor-widget-wrap elementor-element-populated\">\n\t\t\t\t\t\t<div class=\"elementor-element elementor-element-a2417c3 elementor-widget elementor-widget-text-editor\" data-id=\"a2417c3\" data-element_type=\"widget\" data-widget_type=\"text-editor.default\">\n\t\t\t\t<div class=\"elementor-widget-container\">\n\t\t\t\t\t\t\t\t\t<p><strong>1. Responsable del tratamiento<\/strong><\/p><p>Datos del responsable de tratamiento:<\/p><p>Identidad: Antonio Sanchez Pe\u00f1alba<\/p><p>Tel\u00e9fono: 616418488<\/p><p>Correo electr\u00f3nico: danny.malakasound@gmail.com<\/p><p><strong>2. Datos recogidos<\/strong><\/p><p>-Navegaci\u00f3n de la web<br \/>El tipo de datos personales que recogemos y tratamos de los Usuarios en el Sitio web y las Aplicaciones son los siguientes: Direcci\u00f3n IP, Cookies y similares. La direcci\u00f3n IP es un c\u00f3digo que identifica la conexi\u00f3n a internet del Usuario en un momento concreto, y las Cookies son ficheros que se descargan al navegador del Usuario y que pueden ser le\u00eddos posteriormente por el sitio web. Sin embargo, no es posible averiguar la identidad del Usuario con estos datos, salvo que este proporcionara informaci\u00f3n adicional a trav\u00e9s otros medios. Puede consultar m\u00e1s informaci\u00f3n en nuestra Pol\u00edtica de cookies.<\/p><p>-Solicitud de informaci\u00f3n, compra de un producto o servicio.<br \/>Los datos recogidos ser\u00e1n los datos identificativos necesarios para poder enviarle el producto o prestarle el servicio.<\/p><p>-Suscripci\u00f3n a nuestras newsletters y\/o publicaciones.<br \/>Los datos recogidos ser\u00e1n los datos identificativos necesarios para poder hacerle llegar el contenido al cual se ha subscrito.<\/p><p>-Suscripci\u00f3n a acontecimientos y actividades similares.<br \/>Los datos recogidos ser\u00e1n los datos identificativos necesarios para gestionar su participaci\u00f3n, como su nombre, apellidos, correo electr\u00f3nico, empresa, cargo y datos de contacto profesional. As\u00ed mismo estos actos podr\u00e1n ser reproducidos en directo \u00edntegramente, fotografiados y\/o grabados, por lo tanto, en estos casos su imagen podr\u00e1 ser publicada en los canales y medios de comunicaci\u00f3n internos y externos de la empresa as\u00ed como en el entorno en l\u00ednea (web, redes sociales, plataformas digitales, etc.), con el \u00fanico fin de informar sobre la actividad desarrollada por la Firma. Con su inscripci\u00f3n al acontecimiento quedar\u00e1 informado y acepta el anterior.<\/p><p><strong>3. Finalidad<\/strong><\/p><p>Los datos personales de los Usuarios se recoger\u00e1n y tratar\u00e1n con el fin de gestionar la relaci\u00f3n con el servicio y\/o recepci\u00f3n de newsletters, como punto de la empresa, para gestionar el uso de la web y, cuando as\u00ed lo permita la normativa aplicable, para el env\u00edo recurrente de informaci\u00f3n o de acontecimientos de divulgaci\u00f3n y ense\u00f1anza en el \u00e1mbito de las actividades profesionales promovidas. As\u00ed mismo, sus datos personales se recoger\u00e1n y tratar\u00e1n para responder a las consultas o cuestiones que pueda remitir a trav\u00e9s del Sitio web o Aplicaciones.<\/p><p><strong>4. Legitimaci\u00f3n y conservaci\u00f3n<\/strong><\/p><p>La legitimaci\u00f3n para el tratamiento de la direcci\u00f3n IP es la necesidad para posibilitar la conexi\u00f3n con el sitio web a trav\u00e9s de Internet, siente el inter\u00e9s leg\u00edtimo de la empresa por mantener la relaci\u00f3n existente con el Usuario as\u00ed como el env\u00edo de informaci\u00f3n y de actividades de la empresa.<br \/>En el caso de suscripci\u00f3n en nuestras publicaciones y\/o acontecimientos, as\u00ed como la solicitud por los Usuarios de informaci\u00f3n o determinados servicios, la legitimaci\u00f3n ser\u00e1 el propio consentimiento del Usuario.<br \/>Por lo tanto, la empresa recoger\u00e1 y tratar\u00e1 sus datos mientras la relaci\u00f3n contin\u00fae vigente y, en su caso, el Usuario no revoque el consentimiento que ha prestado al tratamiento de sus datos. En todo caso, cuando los datos personales dejen de ser necesarias, para el fin para el cual fueron recaudados, y mientras existan responsabilidades legales o contractuales que requieran conservarlas, se conservar\u00e1n de forma bloqueada hasta que se proceda a la cancelaci\u00f3n definitiva de estos.<br \/>En el supuesto de que se traten datos para el env\u00edo de comunicaciones, se podr\u00e1n mantener mientras el Usuario no se oponga a recibir estas comunicaciones por cualquier de los medios que se ponen a su disposici\u00f3n.<\/p><p><strong>5. Comunicaci\u00f3n<\/strong><\/p><p>La empresa no comunicar\u00e1 estos datos a terceros, excepto cuando sea estrictamente necesario para gestionar y mantener la relaci\u00f3n con la empresa o previa autorizaci\u00f3n por su parte. <br \/>As\u00ed mismo, como empresa, en el supuesto de que fuera necesario para la prestaci\u00f3n de los servicios, la empresa podr\u00e1 comunicar los datos de los Usuarios a las compa\u00f1\u00edas de su grupo de empresas, para las mismas finalidades antes indicadas. Estas comunicaciones podr\u00edan suponer una transferencia internacional de datos para lo cual la empresa firmar\u00e1 las Cl\u00e1usulas Contractuales Tipos aprobadas por la Comisi\u00f3n Europea, adoptando todas las garant\u00edas que sean aplicables conforme a la normativa para garantizar un nivel de protecci\u00f3n de acuerdo con las normas aplicables sobre Protecci\u00f3n de Datos.<br \/>As\u00ed mismo sus datos no se someter\u00e1n a decisiones automatizadas.<br \/>En caso de inscripci\u00f3n a acontecimientos de la empresa organizados con terceros, sus datos podr\u00e1n ser cedidos a estos para la organizaci\u00f3n y gesti\u00f3n de los eventos.<\/p><p><strong>6. Derechos<\/strong><\/p><p>Lo informamos que los Usuarios tienen derecho a ejercitar en todo momento, en los t\u00e9rminos establecidos por la legislaci\u00f3n vigente, sus derechos de acceso, rectificaci\u00f3n o supresi\u00f3n de datos, solicitar que se limite el tratamiento, oponerse a este, solicitar la portabilidad de sus datos, as\u00ed como revocar el consentimiento prestado, dirigi\u00e9ndose a la direcci\u00f3n de correo electr\u00f3nico:\u00a0 danny.malakasound@gmail.com indicando claramente el derecho que desea ejercitar y acompa\u00f1ante su Documento Nacional de Identidad o documento identificativo similar que acredite su identidad. As\u00ed mismo, podr\u00e1 presentar una reclamaci\u00f3n ante la Agencia Espa\u00f1ola de Protecci\u00f3n de Datos o autoridad de protecci\u00f3n de datos que resulte competente.<br \/>En el supuesto de que los Usuarios nos proporcionen datos de car\u00e1cter personal de terceras personas, el Usuario nos garantiza que los ha informado con car\u00e1cter previo a su inclusi\u00f3n, de los extremos contenidos en la presente Pol\u00edtica de Privacidad, respondiendo personalmente frente a la empresa de cu\u00e1ntos da\u00f1os y perjuicios puedan derivarse, en caso de contravenci\u00f3n.<br \/>El usuario se compromete a notificar cualquier cambio o modificaci\u00f3n de los datos personales que haya facilitado. Cualquier p\u00e9rdida o mal causado al Sitio web o a las Aplicaciones, a la empresa, o a cualquier tercero mediante la comunicaci\u00f3n de informaci\u00f3n err\u00f3nea, inexacta o incompleta ser\u00e1 responsabilidad \u00fanica y exclusiva del usuario.<\/p>\t\t\t\t\t\t\t\t<\/div>\n\t\t\t\t<\/div>\n\t\t\t\t\t<\/div>\n\t\t<\/div>\n\t\t\t\t\t<\/div>\n\t\t<\/section>\n\t\t\t\t<section class=\"elementor-section elementor-top-section elementor-element elementor-element-752c10f elementor-section-boxed elementor-section-height-default elementor-section-height-default\" data-id=\"752c10f\" data-element_type=\"section\">\n\t\t\t\t\t\t<div class=\"elementor-container elementor-column-gap-default\">\n\t\t\t\t\t<div class=\"elementor-column elementor-col-100 elementor-top-column elementor-element elementor-element-8a8903b\" data-id=\"8a8903b\" data-element_type=\"column\">\n\t\t\t<div class=\"elementor-widget-wrap elementor-element-populated\">\n\t\t\t\t\t\t<div class=\"elementor-element elementor-element-c8566de elementor-widget elementor-widget-spacer\" data-id=\"c8566de\" data-element_type=\"widget\" data-widget_type=\"spacer.default\">\n\t\t\t\t<div class=\"elementor-widget-container\">\n\t\t\t\t\t\t\t<div class=\"elementor-spacer\">\n\t\t\t<div class=\"elementor-spacer-inner\"><\/div>\n\t\t<\/div>\n\t\t\t\t\t\t<\/div>\n\t\t\t\t<\/div>\n\t\t\t\t\t<\/div>\n\t\t<\/div>\n\t\t\t\t\t<\/div>\n\t\t<\/section>\n\t\t\t\t<\/div>\n\t\t","protected":false},"excerpt":{"rendered":"<p>1. Responsable del tratamiento Datos del responsable de tratamiento: Identidad: Antonio Sanchez Pe\u00f1alba Tel\u00e9fono: 616418488 Correo electr\u00f3nico: danny.malakasound@gmail.com 2. Datos recogidos -Navegaci\u00f3n de la webEl tipo de datos personales que recogemos y tratamos de los Usuarios en el Sitio web y las Aplicaciones son los siguientes: Direcci\u00f3n IP, Cookies y similares. La direcci\u00f3n IP es [&hellip;]<\/p>\n","protected":false},"author":1,"featured_media":0,"parent":0,"menu_order":0,"comment_status":"closed","ping_status":"closed","template":"","meta":{"footnotes":""},"class_list":["post-82","page","type-page","status-publish","hentry"],"yoast_head":"<!-- This site is optimized with the Yoast SEO Premium plugin v20.11 (Yoast SEO v23.9) - https:\/\/yoast.com\/wordpress\/plugins\/seo\/ -->\n<title>Pol\u00edtica de privacidad - KitDigital.dev Plantilla<\/title>\n<meta name=\"robots\" content=\"noindex, follow\" \/>\n<meta property=\"og:locale\" content=\"es_ES\" \/>\n<meta property=\"og:type\" content=\"article\" \/>\n<meta property=\"og:title\" content=\"Pol\u00edtica de privacidad\" \/>\n<meta property=\"og:description\" content=\"1. Responsable del tratamiento Datos del responsable de tratamiento: Identidad: Antonio Sanchez Pe\u00f1alba Tel\u00e9fono: 616418488 Correo electr\u00f3nico: danny.malakasound@gmail.com 2. Datos recogidos -Navegaci\u00f3n de la webEl tipo de datos personales que recogemos y tratamos de los Usuarios en el Sitio web y las Aplicaciones son los siguientes: Direcci\u00f3n IP, Cookies y similares. La direcci\u00f3n IP es [&hellip;]\" \/>\n<meta property=\"og:url\" content=\"https:\/\/malakasound.com\/politica-de-privacidad\/\" \/>\n<meta property=\"og:site_name\" content=\"KitDigital.dev Plantilla\" \/>\n<meta property=\"article:modified_time\" content=\"2024-06-25T09:50:05+00:00\" \/>\n<meta name=\"twitter:card\" content=\"summary_large_image\" \/>\n<meta name=\"twitter:label1\" content=\"Tiempo de lectura\" \/>\n\t<meta name=\"twitter:data1\" content=\"5 minutos\" \/>\n<script type=\"application\/ld+json\" class=\"yoast-schema-graph\">{\"@context\":\"https:\/\/schema.org\",\"@graph\":[{\"@type\":\"WebPage\",\"@id\":\"https:\/\/malakasound.com\/politica-de-privacidad\/\",\"url\":\"https:\/\/malakasound.com\/politica-de-privacidad\/\",\"name\":\"Pol\u00edtica de privacidad - KitDigital.dev Plantilla\",\"isPartOf\":{\"@id\":\"https:\/\/malakasound.com\/#website\"},\"datePublished\":\"2023-07-09T22:57:05+00:00\",\"dateModified\":\"2024-06-25T09:50:05+00:00\",\"breadcrumb\":{\"@id\":\"https:\/\/malakasound.com\/politica-de-privacidad\/#breadcrumb\"},\"inLanguage\":\"es\",\"potentialAction\":[{\"@type\":\"ReadAction\",\"target\":[\"https:\/\/malakasound.com\/politica-de-privacidad\/\"]}]},{\"@type\":\"BreadcrumbList\",\"@id\":\"https:\/\/malakasound.com\/politica-de-privacidad\/#breadcrumb\",\"itemListElement\":[{\"@type\":\"ListItem\",\"position\":1,\"name\":\"Portada\",\"item\":\"https:\/\/malakasound.com\/es\/\"},{\"@type\":\"ListItem\",\"position\":2,\"name\":\"Pol\u00edtica de privacidad\"}]},{\"@type\":\"WebSite\",\"@id\":\"https:\/\/malakasound.com\/#website\",\"url\":\"https:\/\/malakasound.com\/\",\"name\":\"KitDigital.dev Plantilla\",\"description\":\"\",\"potentialAction\":[{\"@type\":\"SearchAction\",\"target\":{\"@type\":\"EntryPoint\",\"urlTemplate\":\"https:\/\/malakasound.com\/?s={search_term_string}\"},\"query-input\":{\"@type\":\"PropertyValueSpecification\",\"valueRequired\":true,\"valueName\":\"search_term_string\"}}],\"inLanguage\":\"es\"}]}<\/script>\n<!-- \/ Yoast SEO Premium plugin. -->","yoast_head_json":{"title":"Pol\u00edtica de privacidad - KitDigital.dev Plantilla","robots":{"index":"noindex","follow":"follow"},"og_locale":"es_ES","og_type":"article","og_title":"Pol\u00edtica de privacidad","og_description":"1. Responsable del tratamiento Datos del responsable de tratamiento: Identidad: Antonio Sanchez Pe\u00f1alba Tel\u00e9fono: 616418488 Correo electr\u00f3nico: danny.malakasound@gmail.com 2. Datos recogidos -Navegaci\u00f3n de la webEl tipo de datos personales que recogemos y tratamos de los Usuarios en el Sitio web y las Aplicaciones son los siguientes: Direcci\u00f3n IP, Cookies y similares. La direcci\u00f3n IP es [&hellip;]","og_url":"https:\/\/malakasound.com\/politica-de-privacidad\/","og_site_name":"KitDigital.dev Plantilla","article_modified_time":"2024-06-25T09:50:05+00:00","twitter_card":"summary_large_image","twitter_misc":{"Tiempo de lectura":"5 minutos"},"schema":{"@context":"https:\/\/schema.org","@graph":[{"@type":"WebPage","@id":"https:\/\/malakasound.com\/politica-de-privacidad\/","url":"https:\/\/malakasound.com\/politica-de-privacidad\/","name":"Pol\u00edtica de privacidad - KitDigital.dev Plantilla","isPartOf":{"@id":"https:\/\/malakasound.com\/#website"},"datePublished":"2023-07-09T22:57:05+00:00","dateModified":"2024-06-25T09:50:05+00:00","breadcrumb":{"@id":"https:\/\/malakasound.com\/politica-de-privacidad\/#breadcrumb"},"inLanguage":"es","potentialAction":[{"@type":"ReadAction","target":["https:\/\/malakasound.com\/politica-de-privacidad\/"]}]},{"@type":"BreadcrumbList","@id":"https:\/\/malakasound.com\/politica-de-privacidad\/#breadcrumb","itemListElement":[{"@type":"ListItem","position":1,"name":"Portada","item":"https:\/\/malakasound.com\/es\/"},{"@type":"ListItem","position":2,"name":"Pol\u00edtica de privacidad"}]},{"@type":"WebSite","@id":"https:\/\/malakasound.com\/#website","url":"https:\/\/malakasound.com\/","name":"KitDigital.dev Plantilla","description":"","potentialAction":[{"@type":"SearchAction","target":{"@type":"EntryPoint","urlTemplate":"https:\/\/malakasound.com\/?s={search_term_string}"},"query-input":{"@type":"PropertyValueSpecification","valueRequired":true,"valueName":"search_term_string"}}],"inLanguage":"es"}]}},"_links":{"self":[{"href":"https:\/\/malakasound.com\/es\/wp-json\/wp\/v2\/pages\/82","targetHints":{"allow":["GET"]}}],"collection":[{"href":"https:\/\/malakasound.com\/es\/wp-json\/wp\/v2\/pages"}],"about":[{"href":"https:\/\/malakasound.com\/es\/wp-json\/wp\/v2\/types\/page"}],"author":[{"embeddable":true,"href":"https:\/\/malakasound.com\/es\/wp-json\/wp\/v2\/users\/1"}],"replies":[{"embeddable":true,"href":"https:\/\/malakasound.com\/es\/wp-json\/wp\/v2\/comments?post=82"}],"version-history":[{"count":16,"href":"https:\/\/malakasound.com\/es\/wp-json\/wp\/v2\/pages\/82\/revisions"}],"predecessor-version":[{"id":1629,"href":"https:\/\/malakasound.com\/es\/wp-json\/wp\/v2\/pages\/82\/revisions\/1629"}],"wp:attachment":[{"href":"https:\/\/malakasound.com\/es\/wp-json\/wp\/v2\/media?parent=82"}],"curies":[{"name":"wp","href":"https:\/\/api.w.org\/{rel}","templated":true}]}}