{"id":77,"date":"2023-07-09T22:53:58","date_gmt":"2023-07-09T22:53:58","guid":{"rendered":"https:\/\/malakasound.com\/?page_id=77"},"modified":"2024-06-25T11:47:47","modified_gmt":"2024-06-25T09:47:47","slug":"aviso-legal","status":"publish","type":"page","link":"https:\/\/malakasound.com\/es\/aviso-legal\/","title":{"rendered":"Aviso Legal"},"content":{"rendered":"\t\t<div data-elementor-type=\"wp-page\" data-elementor-id=\"77\" class=\"elementor elementor-77\" data-elementor-post-type=\"page\">\n\t\t\t\t\t\t<section class=\"elementor-section elementor-top-section elementor-element elementor-element-0090af1 elementor-section-boxed elementor-section-height-default elementor-section-height-default\" data-id=\"0090af1\" data-element_type=\"section\">\n\t\t\t\t\t\t<div class=\"elementor-container elementor-column-gap-default\">\n\t\t\t\t\t<div class=\"elementor-column elementor-col-100 elementor-top-column elementor-element elementor-element-25534f9\" data-id=\"25534f9\" data-element_type=\"column\">\n\t\t\t<div class=\"elementor-widget-wrap elementor-element-populated\">\n\t\t\t\t\t\t<div class=\"elementor-element elementor-element-89cefb0 elementor-widget elementor-widget-text-editor\" data-id=\"89cefb0\" data-element_type=\"widget\" data-widget_type=\"text-editor.default\">\n\t\t\t\t<div class=\"elementor-widget-container\">\n\t\t\t\t\t\t\t\t\t<p><strong>1.- Titularidad<\/strong><br \/>Este lugar es propiedad y est\u00e1 operado por Antonio S\u00e1nchez Pe\u00f1alba, NIF: 78974469J<br \/>Correo electr\u00f3nico: danny.malakasound@gmail.com<br \/>El uso de esta web le da la condici\u00f3n de \u201cUsuario\u201d. Esto significa que acepta los t\u00e9rminos y condiciones establecidos a continuaci\u00f3n y con esto se compromete a no usarlo para hasta ilegales.<\/p><p><strong>2.- Edad<\/strong><br \/>En cuanto al uso del Servicio, y salvo que se indique el contrario, el usuario declara que es mayor de edad y que dispone de la capacidad legal necesaria para vincularse y usar el Servicio en conformidad con sus t\u00e9rminos y condiciones, que compran y reconoce \u00edntegramente.<br \/>Declara que toda la informaci\u00f3n que proporciona para acceder al Servicio, antes y durante su utilizaci\u00f3n, es verdadera, completa y precisa.<\/p><p><strong>3.- Enlaces externos<\/strong><br \/>Le informamos que la web del Servicio puede enviarle a otros sitios web de terceros. Sin embargo, el Servicio no controla estos lugares ni su contenido, est\u00e1n sujetos a sus propios t\u00e9rminos y condiciones. Por lo tanto, el Servicio no es responsable sobre la calidad, veracidad o exactitud de estas webs.<\/p><p><strong>4.- Propiedad Intelectual<\/strong><br \/>El dise\u00f1o de la web del Servicio y su contenido, marcas y logos son titularidad o est\u00e1n licenciados al titular de la web, estando sujetas a los derechos de propiedad intelectual reconocidos por la ley.<br \/>El usuario acepta a no usar, copiar o distribuir ning\u00fan contenido de la web m\u00e1s all\u00e1 de la expresamente indicado aqu\u00ed. Cualquier uso comercial del contenido de la web, requerir\u00e1 la expr\u00e9s autorizaci\u00f3n del titular de la web.<\/p><p><strong>5.- Contenido de Usuario<\/strong><br \/>El usuario puede contribuir al Servicio realizando diferentes acciones, ya sea, enviando correos electr\u00f3nicos, haciendo comentarios o enviando sugerencias (de ahora en adelante \u201cContenido\u201d).<br \/>Este Contenido se puede utilizar de diferentes maneras, por ejemplo mostrarlo en el sitio web, reformatearlo, traducirlo a otros idiomas, editarlo para aportar claridad, crear obras derivadas a partir de \u00e9l, promocionarlo y distribuirlo.<br \/>Por lo tanto, el Contenido contin\u00faa siendo de la propiedad del usuario, pero al enviarlo se concede al titular del web, una licencia de uso mundial, no exclusiva, gratuita, hasta la retirada del contenido, transferible y sublicenciable sobre este Contenido.<\/p><p><strong>6.- Responsabilidad<\/strong><br \/>El titular de la web no ser\u00e1 responsable por:<\/p><p>a) cualquier error u omisi\u00f3n en el contenido de la web;<\/p><p>b) la no disponibilidad de la web o;<\/p><p>c) la transmisi\u00f3n de malware o virus a trav\u00e9s del contenido de la web, a pesar de tomar todas las medidas tecnol\u00f3gicas necesarias para prevenirlo.<\/p><p><strong>7.- Cambios<\/strong><br \/>El titular de la web se reserva el derecho de hacer los cambios no anunciados que considere oportunos para la web. Esto significa que el titular de la web puede cambiar, eliminar o a\u00f1adir contenido y servicios proporcionados a trav\u00e9s de la web.<br \/>Adem\u00e1s, estos t\u00e9rminos y condiciones pueden ser actualizados. Las modificaciones entrar\u00e1n en vigor desde su publicaci\u00f3n.<\/p><p><strong>8.- Ley y arbitraje<\/strong><br \/>Este Servicio se rige por la legislaci\u00f3n espa\u00f1ola.<br \/>Con el fin de simplificar la resoluci\u00f3n de reclamaciones por la v\u00eda civil y reducir costes, no excluimos la posibilidad de someternos ante un Arbitraje de Equidad de la Corte de Arbitraje de las C\u00e1maras de Comercio e industria.<br \/>En este sentido, y seg\u00fan la normativa aplicable, el Servicio informa de la existencia de una plataforma europea de resoluci\u00f3n de litigios en l\u00ednea que facilita la resoluci\u00f3n extrajudicial de estos litigios para contratos celebrados igualmente en l\u00ednea entre consumidores y prestamistas de servicios de Internet. A esta plataforma se podr\u00e1 acceder a trav\u00e9s de la siguiente p\u00e1gina web: <a href=\"http:\/\/ec.europa.eu\/odr\">http:\/\/ec.europa.eu\/odr<\/a><\/p><p><strong>9.- Contacto<\/strong><br \/>Para cualquier aclaraci\u00f3n, incidencia o reclamaci\u00f3n, los datos de contacto son:<br \/>E-mail: danny.malakasound@gmail.com<\/p>\t\t\t\t\t\t\t\t<\/div>\n\t\t\t\t<\/div>\n\t\t\t\t\t<\/div>\n\t\t<\/div>\n\t\t\t\t\t<\/div>\n\t\t<\/section>\n\t\t\t\t<section class=\"elementor-section elementor-top-section elementor-element elementor-element-d219ccf elementor-section-boxed elementor-section-height-default elementor-section-height-default\" data-id=\"d219ccf\" data-element_type=\"section\">\n\t\t\t\t\t\t<div class=\"elementor-container elementor-column-gap-default\">\n\t\t\t\t\t<div class=\"elementor-column elementor-col-100 elementor-top-column elementor-element elementor-element-9b1ad9f\" data-id=\"9b1ad9f\" data-element_type=\"column\">\n\t\t\t<div class=\"elementor-widget-wrap elementor-element-populated\">\n\t\t\t\t\t\t<div class=\"elementor-element elementor-element-5f98691 elementor-widget elementor-widget-spacer\" data-id=\"5f98691\" data-element_type=\"widget\" data-widget_type=\"spacer.default\">\n\t\t\t\t<div class=\"elementor-widget-container\">\n\t\t\t\t\t\t\t<div class=\"elementor-spacer\">\n\t\t\t<div class=\"elementor-spacer-inner\"><\/div>\n\t\t<\/div>\n\t\t\t\t\t\t<\/div>\n\t\t\t\t<\/div>\n\t\t\t\t\t<\/div>\n\t\t<\/div>\n\t\t\t\t\t<\/div>\n\t\t<\/section>\n\t\t\t\t<\/div>\n\t\t","protected":false},"excerpt":{"rendered":"<p>1.- TitularidadEste lugar es propiedad y est\u00e1 operado por Antonio S\u00e1nchez Pe\u00f1alba, NIF: 78974469JCorreo electr\u00f3nico: danny.malakasound@gmail.comEl uso de esta web le da la condici\u00f3n de \u201cUsuario\u201d. Esto significa que acepta los t\u00e9rminos y condiciones establecidos a continuaci\u00f3n y con esto se compromete a no usarlo para hasta ilegales. 2.- EdadEn cuanto al uso del Servicio, [&hellip;]<\/p>\n","protected":false},"author":1,"featured_media":0,"parent":0,"menu_order":0,"comment_status":"closed","ping_status":"closed","template":"","meta":{"footnotes":""},"class_list":["post-77","page","type-page","status-publish","hentry"],"yoast_head":"<!-- This site is optimized with the Yoast SEO Premium plugin v20.11 (Yoast SEO v23.9) - https:\/\/yoast.com\/wordpress\/plugins\/seo\/ -->\n<title>Aviso Legal - KitDigital.dev Plantilla<\/title>\n<meta name=\"robots\" content=\"noindex, follow\" \/>\n<meta property=\"og:locale\" content=\"es_ES\" \/>\n<meta property=\"og:type\" content=\"article\" \/>\n<meta property=\"og:title\" content=\"Aviso Legal\" \/>\n<meta property=\"og:description\" content=\"1.- TitularidadEste lugar es propiedad y est\u00e1 operado por Antonio S\u00e1nchez Pe\u00f1alba, NIF: 78974469JCorreo electr\u00f3nico: danny.malakasound@gmail.comEl uso de esta web le da la condici\u00f3n de \u201cUsuario\u201d. Esto significa que acepta los t\u00e9rminos y condiciones establecidos a continuaci\u00f3n y con esto se compromete a no usarlo para hasta ilegales. 2.- EdadEn cuanto al uso del Servicio, [&hellip;]\" \/>\n<meta property=\"og:url\" content=\"https:\/\/malakasound.com\/aviso-legal\/\" \/>\n<meta property=\"og:site_name\" content=\"KitDigital.dev Plantilla\" \/>\n<meta property=\"article:modified_time\" content=\"2024-06-25T09:47:47+00:00\" \/>\n<meta name=\"twitter:card\" content=\"summary_large_image\" \/>\n<meta name=\"twitter:label1\" content=\"Tiempo de lectura\" \/>\n\t<meta name=\"twitter:data1\" content=\"3 minutos\" \/>\n<script type=\"application\/ld+json\" class=\"yoast-schema-graph\">{\"@context\":\"https:\/\/schema.org\",\"@graph\":[{\"@type\":\"WebPage\",\"@id\":\"https:\/\/malakasound.com\/aviso-legal\/\",\"url\":\"https:\/\/malakasound.com\/aviso-legal\/\",\"name\":\"Aviso Legal - KitDigital.dev Plantilla\",\"isPartOf\":{\"@id\":\"https:\/\/malakasound.com\/#website\"},\"datePublished\":\"2023-07-09T22:53:58+00:00\",\"dateModified\":\"2024-06-25T09:47:47+00:00\",\"breadcrumb\":{\"@id\":\"https:\/\/malakasound.com\/aviso-legal\/#breadcrumb\"},\"inLanguage\":\"es\",\"potentialAction\":[{\"@type\":\"ReadAction\",\"target\":[\"https:\/\/malakasound.com\/aviso-legal\/\"]}]},{\"@type\":\"BreadcrumbList\",\"@id\":\"https:\/\/malakasound.com\/aviso-legal\/#breadcrumb\",\"itemListElement\":[{\"@type\":\"ListItem\",\"position\":1,\"name\":\"Portada\",\"item\":\"https:\/\/malakasound.com\/es\/\"},{\"@type\":\"ListItem\",\"position\":2,\"name\":\"Aviso Legal\"}]},{\"@type\":\"WebSite\",\"@id\":\"https:\/\/malakasound.com\/#website\",\"url\":\"https:\/\/malakasound.com\/\",\"name\":\"KitDigital.dev Plantilla\",\"description\":\"\",\"potentialAction\":[{\"@type\":\"SearchAction\",\"target\":{\"@type\":\"EntryPoint\",\"urlTemplate\":\"https:\/\/malakasound.com\/?s={search_term_string}\"},\"query-input\":{\"@type\":\"PropertyValueSpecification\",\"valueRequired\":true,\"valueName\":\"search_term_string\"}}],\"inLanguage\":\"es\"}]}<\/script>\n<!-- \/ Yoast SEO Premium plugin. -->","yoast_head_json":{"title":"Aviso Legal - KitDigital.dev Plantilla","robots":{"index":"noindex","follow":"follow"},"og_locale":"es_ES","og_type":"article","og_title":"Aviso Legal","og_description":"1.- TitularidadEste lugar es propiedad y est\u00e1 operado por Antonio S\u00e1nchez Pe\u00f1alba, NIF: 78974469JCorreo electr\u00f3nico: danny.malakasound@gmail.comEl uso de esta web le da la condici\u00f3n de \u201cUsuario\u201d. Esto significa que acepta los t\u00e9rminos y condiciones establecidos a continuaci\u00f3n y con esto se compromete a no usarlo para hasta ilegales. 2.- EdadEn cuanto al uso del Servicio, [&hellip;]","og_url":"https:\/\/malakasound.com\/aviso-legal\/","og_site_name":"KitDigital.dev Plantilla","article_modified_time":"2024-06-25T09:47:47+00:00","twitter_card":"summary_large_image","twitter_misc":{"Tiempo de lectura":"3 minutos"},"schema":{"@context":"https:\/\/schema.org","@graph":[{"@type":"WebPage","@id":"https:\/\/malakasound.com\/aviso-legal\/","url":"https:\/\/malakasound.com\/aviso-legal\/","name":"Aviso Legal - KitDigital.dev Plantilla","isPartOf":{"@id":"https:\/\/malakasound.com\/#website"},"datePublished":"2023-07-09T22:53:58+00:00","dateModified":"2024-06-25T09:47:47+00:00","breadcrumb":{"@id":"https:\/\/malakasound.com\/aviso-legal\/#breadcrumb"},"inLanguage":"es","potentialAction":[{"@type":"ReadAction","target":["https:\/\/malakasound.com\/aviso-legal\/"]}]},{"@type":"BreadcrumbList","@id":"https:\/\/malakasound.com\/aviso-legal\/#breadcrumb","itemListElement":[{"@type":"ListItem","position":1,"name":"Portada","item":"https:\/\/malakasound.com\/es\/"},{"@type":"ListItem","position":2,"name":"Aviso Legal"}]},{"@type":"WebSite","@id":"https:\/\/malakasound.com\/#website","url":"https:\/\/malakasound.com\/","name":"KitDigital.dev Plantilla","description":"","potentialAction":[{"@type":"SearchAction","target":{"@type":"EntryPoint","urlTemplate":"https:\/\/malakasound.com\/?s={search_term_string}"},"query-input":{"@type":"PropertyValueSpecification","valueRequired":true,"valueName":"search_term_string"}}],"inLanguage":"es"}]}},"_links":{"self":[{"href":"https:\/\/malakasound.com\/es\/wp-json\/wp\/v2\/pages\/77","targetHints":{"allow":["GET"]}}],"collection":[{"href":"https:\/\/malakasound.com\/es\/wp-json\/wp\/v2\/pages"}],"about":[{"href":"https:\/\/malakasound.com\/es\/wp-json\/wp\/v2\/types\/page"}],"author":[{"embeddable":true,"href":"https:\/\/malakasound.com\/es\/wp-json\/wp\/v2\/users\/1"}],"replies":[{"embeddable":true,"href":"https:\/\/malakasound.com\/es\/wp-json\/wp\/v2\/comments?post=77"}],"version-history":[{"count":13,"href":"https:\/\/malakasound.com\/es\/wp-json\/wp\/v2\/pages\/77\/revisions"}],"predecessor-version":[{"id":1623,"href":"https:\/\/malakasound.com\/es\/wp-json\/wp\/v2\/pages\/77\/revisions\/1623"}],"wp:attachment":[{"href":"https:\/\/malakasound.com\/es\/wp-json\/wp\/v2\/media?parent=77"}],"curies":[{"name":"wp","href":"https:\/\/api.w.org\/{rel}","templated":true}]}}