{"id":1301,"date":"2024-06-06T14:19:15","date_gmt":"2024-06-06T12:19:15","guid":{"rendered":"https:\/\/malakasound.com\/?page_id=1301"},"modified":"2025-04-08T09:31:35","modified_gmt":"2025-04-08T07:31:35","slug":"postproduccion","status":"publish","type":"page","link":"https:\/\/malakasound.com\/es\/postproduccion\/","title":{"rendered":"Postproduccion"},"content":{"rendered":"\t\t<div data-elementor-type=\"wp-page\" data-elementor-id=\"1301\" class=\"elementor elementor-1301\" data-elementor-post-type=\"page\">\n\t\t\t\t\t\t<section class=\"elementor-section elementor-top-section elementor-element elementor-element-fd8e438 elementor-section-height-min-height elementor-section-boxed elementor-section-height-default elementor-section-items-middle\" data-id=\"fd8e438\" data-element_type=\"section\" data-settings=\"{&quot;background_background&quot;:&quot;classic&quot;}\">\n\t\t\t\t\t\t\t<div class=\"elementor-background-overlay\"><\/div>\n\t\t\t\t\t\t\t<div class=\"elementor-container elementor-column-gap-default\">\n\t\t\t\t\t<div class=\"elementor-column elementor-col-100 elementor-top-column elementor-element elementor-element-1e482ab\" data-id=\"1e482ab\" data-element_type=\"column\">\n\t\t\t<div class=\"elementor-widget-wrap elementor-element-populated\">\n\t\t\t\t\t\t<div class=\"elementor-element elementor-element-92e4ece elementor-widget elementor-widget-heading\" data-id=\"92e4ece\" data-element_type=\"widget\" data-widget_type=\"heading.default\">\n\t\t\t\t<div class=\"elementor-widget-container\">\n\t\t\t\t\t<h1 class=\"elementor-heading-title elementor-size-default\">SERVICIOS<\/h1>\t\t\t\t<\/div>\n\t\t\t\t<\/div>\n\t\t\t\t\t<\/div>\n\t\t<\/div>\n\t\t\t\t\t<\/div>\n\t\t<\/section>\n\t\t\t\t<section class=\"elementor-section elementor-top-section elementor-element elementor-element-91e6857 elementor-section-boxed elementor-section-height-default elementor-section-height-default\" data-id=\"91e6857\" data-element_type=\"section\" data-settings=\"{&quot;background_background&quot;:&quot;classic&quot;,&quot;shape_divider_top&quot;:&quot;opacity-fan&quot;,&quot;shape_divider_bottom&quot;:&quot;opacity-fan&quot;}\">\n\t\t\t\t\t\t\t<div class=\"elementor-background-overlay\"><\/div>\n\t\t\t\t\t\t<div class=\"elementor-shape elementor-shape-top\" aria-hidden=\"true\" data-negative=\"false\">\n\t\t\t<svg xmlns=\"http:\/\/www.w3.org\/2000\/svg\" viewBox=\"0 0 283.5 19.6\" preserveAspectRatio=\"none\">\n\t<path class=\"elementor-shape-fill\" style=\"opacity:0.33\" d=\"M0 0L0 18.8 141.8 4.1 283.5 18.8 283.5 0z\"\/>\n\t<path class=\"elementor-shape-fill\" style=\"opacity:0.33\" d=\"M0 0L0 12.6 141.8 4 283.5 12.6 283.5 0z\"\/>\n\t<path class=\"elementor-shape-fill\" style=\"opacity:0.33\" d=\"M0 0L0 6.4 141.8 4 283.5 6.4 283.5 0z\"\/>\n\t<path class=\"elementor-shape-fill\" d=\"M0 0L0 1.2 141.8 4 283.5 1.2 283.5 0z\"\/>\n<\/svg>\t\t<\/div>\n\t\t\t\t<div class=\"elementor-shape elementor-shape-bottom\" aria-hidden=\"true\" data-negative=\"false\">\n\t\t\t<svg xmlns=\"http:\/\/www.w3.org\/2000\/svg\" viewBox=\"0 0 283.5 19.6\" preserveAspectRatio=\"none\">\n\t<path class=\"elementor-shape-fill\" style=\"opacity:0.33\" d=\"M0 0L0 18.8 141.8 4.1 283.5 18.8 283.5 0z\"\/>\n\t<path class=\"elementor-shape-fill\" style=\"opacity:0.33\" d=\"M0 0L0 12.6 141.8 4 283.5 12.6 283.5 0z\"\/>\n\t<path class=\"elementor-shape-fill\" style=\"opacity:0.33\" d=\"M0 0L0 6.4 141.8 4 283.5 6.4 283.5 0z\"\/>\n\t<path class=\"elementor-shape-fill\" d=\"M0 0L0 1.2 141.8 4 283.5 1.2 283.5 0z\"\/>\n<\/svg>\t\t<\/div>\n\t\t\t\t\t<div class=\"elementor-container elementor-column-gap-default\">\n\t\t\t\t\t<div class=\"elementor-column elementor-col-100 elementor-top-column elementor-element elementor-element-33a7485\" data-id=\"33a7485\" data-element_type=\"column\">\n\t\t\t<div class=\"elementor-widget-wrap elementor-element-populated\">\n\t\t\t\t\t\t<section class=\"elementor-section elementor-inner-section elementor-element elementor-element-c9f4b5e elementor-section-boxed elementor-section-height-default elementor-section-height-default\" data-id=\"c9f4b5e\" data-element_type=\"section\">\n\t\t\t\t\t\t<div class=\"elementor-container elementor-column-gap-default\">\n\t\t\t\t\t<div class=\"elementor-column elementor-col-50 elementor-inner-column elementor-element elementor-element-921c9bb\" data-id=\"921c9bb\" data-element_type=\"column\">\n\t\t\t<div class=\"elementor-widget-wrap elementor-element-populated\">\n\t\t\t\t\t\t<div class=\"elementor-element elementor-element-7f39d8f elementor-widget__width-initial elementor-view-default elementor-widget elementor-widget-icon\" data-id=\"7f39d8f\" data-element_type=\"widget\" data-widget_type=\"icon.default\">\n\t\t\t\t<div class=\"elementor-widget-container\">\n\t\t\t\t\t\t\t<div class=\"elementor-icon-wrapper\">\n\t\t\t<div class=\"elementor-icon\">\n\t\t\t<i aria-hidden=\"true\" class=\"fas fa-map-marker-alt\"><\/i>\t\t\t<\/div>\n\t\t<\/div>\n\t\t\t\t\t\t<\/div>\n\t\t\t\t<\/div>\n\t\t\t\t<div class=\"elementor-element elementor-element-4115df5 elementor-widget__width-initial elementor-widget-tablet__width-initial elementor-widget-mobile__width-initial elementor-widget elementor-widget-heading\" data-id=\"4115df5\" data-element_type=\"widget\" data-widget_type=\"heading.default\">\n\t\t\t\t<div class=\"elementor-widget-container\">\n\t\t\t\t\t<h2 class=\"elementor-heading-title elementor-size-default\">POSTPRODUCCI\u00d3N<\/h2>\t\t\t\t<\/div>\n\t\t\t\t<\/div>\n\t\t\t\t<div class=\"elementor-element elementor-element-67e070b elementor-widget elementor-widget-text-editor\" data-id=\"67e070b\" data-element_type=\"widget\" data-widget_type=\"text-editor.default\">\n\t\t\t\t<div class=\"elementor-widget-container\">\n\t\t\t\t\t\t\t\t\t<p>En Malakasound somos entusiastas del sonido, lo trabajamos meticulosamente en nuestro estudio buscando la excelencia en cada proyecto que participamos, Cine, documentales, TV, publicidad etc. Para nosotros el sonido es un elemento artesanal que debe tener la intenci\u00f3n dram\u00e1tica adecuada y nuestra pasi\u00f3n es conseguirlo. Ponemos a tu disposici\u00f3n los medios necesarios y un equipo humano inmejorable para la fase de postproducci\u00f3n de sonido de cualquier proyecto audiovisual.<\/p>\t\t\t\t\t\t\t\t<\/div>\n\t\t\t\t<\/div>\n\t\t\t\t\t<\/div>\n\t\t<\/div>\n\t\t\t\t<div class=\"elementor-column elementor-col-50 elementor-inner-column elementor-element elementor-element-66a32a1\" data-id=\"66a32a1\" data-element_type=\"column\">\n\t\t\t<div class=\"elementor-widget-wrap elementor-element-populated\">\n\t\t\t\t\t\t<div class=\"elementor-element elementor-element-08f7c31 elementor-widget elementor-widget-image\" data-id=\"08f7c31\" data-element_type=\"widget\" data-widget_type=\"image.default\">\n\t\t\t\t<div class=\"elementor-widget-container\">\n\t\t\t\t\t\t\t\t\t\t\t\t\t\t\t<img fetchpriority=\"high\" decoding=\"async\" width=\"476\" height=\"465\" src=\"https:\/\/malakasound.com\/wp-content\/uploads\/2024\/05\/76c3ae_fbfa6fc5c3d44839809d01c64cd22cd8mv2.webp\" class=\"attachment-large size-large wp-image-969\" alt=\"\" srcset=\"https:\/\/malakasound.com\/wp-content\/uploads\/2024\/05\/76c3ae_fbfa6fc5c3d44839809d01c64cd22cd8mv2.webp 476w, https:\/\/malakasound.com\/wp-content\/uploads\/2024\/05\/76c3ae_fbfa6fc5c3d44839809d01c64cd22cd8mv2-300x293.webp 300w\" sizes=\"(max-width: 476px) 100vw, 476px\" \/>\t\t\t\t\t\t\t\t\t\t\t\t\t\t\t<\/div>\n\t\t\t\t<\/div>\n\t\t\t\t\t<\/div>\n\t\t<\/div>\n\t\t\t\t\t<\/div>\n\t\t<\/section>\n\t\t\t\t<section class=\"elementor-section elementor-inner-section elementor-element elementor-element-e531fc8 elementor-section-boxed elementor-section-height-default elementor-section-height-default\" data-id=\"e531fc8\" data-element_type=\"section\">\n\t\t\t\t\t\t<div class=\"elementor-container elementor-column-gap-default\">\n\t\t\t\t\t<div class=\"elementor-column elementor-col-100 elementor-inner-column elementor-element elementor-element-963fdd3\" data-id=\"963fdd3\" data-element_type=\"column\">\n\t\t\t<div class=\"elementor-widget-wrap elementor-element-populated\">\n\t\t\t\t\t\t<div class=\"elementor-element elementor-element-bb901cc elementor-widget elementor-widget-text-editor\" data-id=\"bb901cc\" data-element_type=\"widget\" data-widget_type=\"text-editor.default\">\n\t\t\t\t<div class=\"elementor-widget-container\">\n\t\t\t\t\t\t\t\t\t<p><span style=\"font-weight: 400\">Sabemos de la constante evoluci\u00f3n tecnol\u00f3gica del mundo audiovisual y en MalakaSound siempre tratamos de estar actualizados a los nuevos est\u00e1ndares y a\u00f1adimos mejoras a nuestro equipamiento constantemente.<\/span><span style=\"font-weight: 400\"><br \/><\/span><span style=\"font-weight: 400\">La combinaci\u00f3n de un excelente equipo humano que sabr\u00e1 prestar atenci\u00f3n, dar creatividad e intenci\u00f3n dram\u00e1tica a cada sonido editado, combinado con los medios tecnol\u00f3gicos m\u00e1s avanzados garantizar\u00e1 un gran resultado.<\/span><\/p><p><i><span style=\"font-weight: 400\">El 50% del resultado final de una pel\u00edcula est\u00e1 en el sonido y no se le presta suficiente atenci\u00f3n a pesar de que cuesta mucho menos dinero hacerlo bien. (George Lucas)<\/span><\/i><\/p>\t\t\t\t\t\t\t\t<\/div>\n\t\t\t\t<\/div>\n\t\t\t\t<div class=\"elementor-element elementor-element-5e5b489 elementor-widget__width-initial elementor-widget elementor-widget-heading\" data-id=\"5e5b489\" data-element_type=\"widget\" data-widget_type=\"heading.default\">\n\t\t\t\t<div class=\"elementor-widget-container\">\n\t\t\t\t\t<h2 class=\"elementor-heading-title elementor-size-default\">SERVICIOS<\/h2>\t\t\t\t<\/div>\n\t\t\t\t<\/div>\n\t\t\t\t<div class=\"elementor-element elementor-element-47aebb1 elementor-widget elementor-widget-text-editor\" data-id=\"47aebb1\" data-element_type=\"widget\" data-widget_type=\"text-editor.default\">\n\t\t\t\t<div class=\"elementor-widget-container\">\n\t\t\t\t\t\t\t\t\t<ul><li style=\"font-weight: 400\"><span style=\"font-weight: 400\">Dise\u00f1o de sonido para cualquier tipo de proyecto.<\/span><\/li><li style=\"font-weight: 400\"><span style=\"font-weight: 400\">Grabaci\u00f3n de locuciones y ADR.<\/span><\/li><li style=\"font-weight: 400\"><span style=\"font-weight: 400\">Restauraci\u00f3n de audio.<\/span><\/li><li style=\"font-weight: 400\"><span style=\"font-weight: 400\">Mezcla de bandas sonoras.<\/span><\/li><li style=\"font-weight: 400\"><span style=\"font-weight: 400\">Grabaci\u00f3n y edici\u00f3n de efectos de sala (foley).<\/span><\/li><li style=\"font-weight: 400\"><span style=\"font-weight: 400\">Amplia librer\u00eda de sonido en m\u00faltiples formatos.<\/span><\/li><li style=\"font-weight: 400\"><span style=\"font-weight: 400\">Sistema 7.1.4 Dolby Atmos Home. Para mezclas de sonido multicanal.<\/span><\/li><li style=\"font-weight: 400\"><span style=\"font-weight: 400\">Servicio de grabaci\u00f3n de ADR o locuciones en streaming con source-connect, session link o Zoom.<\/span><\/li><li style=\"font-weight: 400\"><span style=\"font-weight: 400\">Postproducci\u00f3n de sonido espacial para\u00a0video\u00a0360\u00ba\u00a0y\u00a0VR.<\/span><\/li><\/ul>\t\t\t\t\t\t\t\t<\/div>\n\t\t\t\t<\/div>\n\t\t\t\t<div class=\"elementor-element elementor-element-ac4401f elementor-align-center elementor-widget__width-initial elementor-widget elementor-widget-button\" data-id=\"ac4401f\" data-element_type=\"widget\" data-widget_type=\"button.default\">\n\t\t\t\t<div class=\"elementor-widget-container\">\n\t\t\t\t\t\t\t\t\t<div class=\"elementor-button-wrapper\">\n\t\t\t\t\t<a class=\"elementor-button elementor-button-link elementor-size-sm\" href=\"\/es\/inicio#SERVICES\">\n\t\t\t\t\t\t<span class=\"elementor-button-content-wrapper\">\n\t\t\t\t\t\t\t\t\t<span class=\"elementor-button-text\">VOLVER<\/span>\n\t\t\t\t\t<\/span>\n\t\t\t\t\t<\/a>\n\t\t\t\t<\/div>\n\t\t\t\t\t\t\t\t<\/div>\n\t\t\t\t<\/div>\n\t\t\t\t\t<\/div>\n\t\t<\/div>\n\t\t\t\t\t<\/div>\n\t\t<\/section>\n\t\t\t\t\t<\/div>\n\t\t<\/div>\n\t\t\t\t\t<\/div>\n\t\t<\/section>\n\t\t\t\t<section class=\"elementor-section elementor-top-section elementor-element elementor-element-389c42c elementor-section-boxed elementor-section-height-default elementor-section-height-default\" data-id=\"389c42c\" data-element_type=\"section\" data-settings=\"{&quot;background_background&quot;:&quot;classic&quot;}\">\n\t\t\t\t\t\t<div class=\"elementor-container elementor-column-gap-default\">\n\t\t\t\t\t<div class=\"elementor-column elementor-col-100 elementor-top-column elementor-element elementor-element-e32a8dc\" data-id=\"e32a8dc\" data-element_type=\"column\">\n\t\t\t<div class=\"elementor-widget-wrap elementor-element-populated\">\n\t\t\t\t\t\t<div class=\"elementor-element elementor-element-6452417 elementor-widget elementor-widget-spacer\" data-id=\"6452417\" data-element_type=\"widget\" data-widget_type=\"spacer.default\">\n\t\t\t\t<div class=\"elementor-widget-container\">\n\t\t\t\t\t\t\t<div class=\"elementor-spacer\">\n\t\t\t<div class=\"elementor-spacer-inner\"><\/div>\n\t\t<\/div>\n\t\t\t\t\t\t<\/div>\n\t\t\t\t<\/div>\n\t\t\t\t\t<\/div>\n\t\t<\/div>\n\t\t\t\t\t<\/div>\n\t\t<\/section>\n\t\t\t\t<section class=\"elementor-section elementor-top-section elementor-element elementor-element-e00cf18 elementor-section-boxed elementor-section-height-default elementor-section-height-default\" data-id=\"e00cf18\" data-element_type=\"section\">\n\t\t\t\t\t\t<div class=\"elementor-container elementor-column-gap-default\">\n\t\t\t\t\t<div class=\"elementor-column elementor-col-100 elementor-top-column elementor-element elementor-element-4327b8a\" data-id=\"4327b8a\" data-element_type=\"column\">\n\t\t\t<div class=\"elementor-widget-wrap elementor-element-populated\">\n\t\t\t\t\t\t<div class=\"elementor-element elementor-element-7673b6d elementor-widget elementor-widget-spacer\" data-id=\"7673b6d\" data-element_type=\"widget\" data-widget_type=\"spacer.default\">\n\t\t\t\t<div class=\"elementor-widget-container\">\n\t\t\t\t\t\t\t<div class=\"elementor-spacer\">\n\t\t\t<div class=\"elementor-spacer-inner\"><\/div>\n\t\t<\/div>\n\t\t\t\t\t\t<\/div>\n\t\t\t\t<\/div>\n\t\t\t\t\t<\/div>\n\t\t<\/div>\n\t\t\t\t\t<\/div>\n\t\t<\/section>\n\t\t\t\t<\/div>\n\t\t","protected":false},"excerpt":{"rendered":"<p>SERVICIOS POSTPRODUCCI\u00d3N En Malakasound somos entusiastas del sonido, lo trabajamos meticulosamente en nuestro estudio buscando la excelencia en cada proyecto que participamos, Cine, documentales, TV, publicidad etc. Para nosotros el sonido es un elemento artesanal que debe tener la intenci\u00f3n dram\u00e1tica adecuada y nuestra pasi\u00f3n es conseguirlo. Ponemos a tu disposici\u00f3n los medios necesarios y [&hellip;]<\/p>\n","protected":false},"author":4,"featured_media":734,"parent":0,"menu_order":0,"comment_status":"closed","ping_status":"closed","template":"","meta":{"footnotes":""},"class_list":["post-1301","page","type-page","status-publish","has-post-thumbnail","hentry"],"yoast_head":"<!-- This site is optimized with the Yoast SEO Premium plugin v20.11 (Yoast SEO v23.9) - https:\/\/yoast.com\/wordpress\/plugins\/seo\/ -->\n<title>Malaka Sound - Location &amp; postproduction sound services<\/title>\n<meta name=\"description\" content=\"Malaka Sound is a Integrative Sound Company for TV, Feature Films, Commercials and Branded Content with more than 15 years in the market.\" \/>\n<meta name=\"robots\" content=\"index, follow, max-snippet:-1, max-image-preview:large, max-video-preview:-1\" \/>\n<link rel=\"canonical\" href=\"https:\/\/malakasound.com\/es\/postproduccion\/\" \/>\n<meta property=\"og:locale\" content=\"es_ES\" \/>\n<meta property=\"og:type\" content=\"article\" \/>\n<meta property=\"og:title\" content=\"Postproduccion\" \/>\n<meta property=\"og:description\" content=\"Malaka Sound is a Integrative Sound Company for TV, Feature Films, Commercials and Branded Content with more than 15 years in the market.\" \/>\n<meta property=\"og:url\" content=\"https:\/\/malakasound.com\/es\/postproduccion\/\" \/>\n<meta property=\"og:site_name\" content=\"KitDigital.dev Plantilla\" \/>\n<meta property=\"article:modified_time\" content=\"2025-04-08T07:31:35+00:00\" \/>\n<meta property=\"og:image\" content=\"https:\/\/malakasound.com\/wp-content\/uploads\/2024\/05\/MALAKA-SOUND20.jpg\" \/>\n\t<meta property=\"og:image:width\" content=\"720\" \/>\n\t<meta property=\"og:image:height\" content=\"507\" \/>\n\t<meta property=\"og:image:type\" content=\"image\/jpeg\" \/>\n<meta name=\"twitter:card\" content=\"summary_large_image\" \/>\n<meta name=\"twitter:label1\" content=\"Tiempo de lectura\" \/>\n\t<meta name=\"twitter:data1\" content=\"2 minutos\" \/>\n<script type=\"application\/ld+json\" class=\"yoast-schema-graph\">{\"@context\":\"https:\/\/schema.org\",\"@graph\":[{\"@type\":\"WebPage\",\"@id\":\"https:\/\/malakasound.com\/es\/postproduccion\/\",\"url\":\"https:\/\/malakasound.com\/es\/postproduccion\/\",\"name\":\"Malaka Sound - Location & postproduction sound services\",\"isPartOf\":{\"@id\":\"https:\/\/malakasound.com\/#website\"},\"primaryImageOfPage\":{\"@id\":\"https:\/\/malakasound.com\/es\/postproduccion\/#primaryimage\"},\"image\":{\"@id\":\"https:\/\/malakasound.com\/es\/postproduccion\/#primaryimage\"},\"thumbnailUrl\":\"https:\/\/malakasound.com\/wp-content\/uploads\/2024\/05\/MALAKA-SOUND20.jpg\",\"datePublished\":\"2024-06-06T12:19:15+00:00\",\"dateModified\":\"2025-04-08T07:31:35+00:00\",\"description\":\"Malaka Sound is a Integrative Sound Company for TV, Feature Films, Commercials and Branded Content with more than 15 years in the market.\",\"breadcrumb\":{\"@id\":\"https:\/\/malakasound.com\/es\/postproduccion\/#breadcrumb\"},\"inLanguage\":\"es\",\"potentialAction\":[{\"@type\":\"ReadAction\",\"target\":[\"https:\/\/malakasound.com\/es\/postproduccion\/\"]}]},{\"@type\":\"ImageObject\",\"inLanguage\":\"es\",\"@id\":\"https:\/\/malakasound.com\/es\/postproduccion\/#primaryimage\",\"url\":\"https:\/\/malakasound.com\/wp-content\/uploads\/2024\/05\/MALAKA-SOUND20.jpg\",\"contentUrl\":\"https:\/\/malakasound.com\/wp-content\/uploads\/2024\/05\/MALAKA-SOUND20.jpg\",\"width\":720,\"height\":507},{\"@type\":\"BreadcrumbList\",\"@id\":\"https:\/\/malakasound.com\/es\/postproduccion\/#breadcrumb\",\"itemListElement\":[{\"@type\":\"ListItem\",\"position\":1,\"name\":\"Portada\",\"item\":\"https:\/\/malakasound.com\/es\/\"},{\"@type\":\"ListItem\",\"position\":2,\"name\":\"Postproduccion\"}]},{\"@type\":\"WebSite\",\"@id\":\"https:\/\/malakasound.com\/#website\",\"url\":\"https:\/\/malakasound.com\/\",\"name\":\"KitDigital.dev Plantilla\",\"description\":\"\",\"potentialAction\":[{\"@type\":\"SearchAction\",\"target\":{\"@type\":\"EntryPoint\",\"urlTemplate\":\"https:\/\/malakasound.com\/?s={search_term_string}\"},\"query-input\":{\"@type\":\"PropertyValueSpecification\",\"valueRequired\":true,\"valueName\":\"search_term_string\"}}],\"inLanguage\":\"es\"}]}<\/script>\n<!-- \/ Yoast SEO Premium plugin. -->","yoast_head_json":{"title":"Malaka Sound - Location & postproduction sound services","description":"Malaka Sound is a Integrative Sound Company for TV, Feature Films, Commercials and Branded Content with more than 15 years in the market.","robots":{"index":"index","follow":"follow","max-snippet":"max-snippet:-1","max-image-preview":"max-image-preview:large","max-video-preview":"max-video-preview:-1"},"canonical":"https:\/\/malakasound.com\/es\/postproduccion\/","og_locale":"es_ES","og_type":"article","og_title":"Postproduccion","og_description":"Malaka Sound is a Integrative Sound Company for TV, Feature Films, Commercials and Branded Content with more than 15 years in the market.","og_url":"https:\/\/malakasound.com\/es\/postproduccion\/","og_site_name":"KitDigital.dev Plantilla","article_modified_time":"2025-04-08T07:31:35+00:00","og_image":[{"width":720,"height":507,"url":"https:\/\/malakasound.com\/wp-content\/uploads\/2024\/05\/MALAKA-SOUND20.jpg","type":"image\/jpeg"}],"twitter_card":"summary_large_image","twitter_misc":{"Tiempo de lectura":"2 minutos"},"schema":{"@context":"https:\/\/schema.org","@graph":[{"@type":"WebPage","@id":"https:\/\/malakasound.com\/es\/postproduccion\/","url":"https:\/\/malakasound.com\/es\/postproduccion\/","name":"Malaka Sound - Location & postproduction sound services","isPartOf":{"@id":"https:\/\/malakasound.com\/#website"},"primaryImageOfPage":{"@id":"https:\/\/malakasound.com\/es\/postproduccion\/#primaryimage"},"image":{"@id":"https:\/\/malakasound.com\/es\/postproduccion\/#primaryimage"},"thumbnailUrl":"https:\/\/malakasound.com\/wp-content\/uploads\/2024\/05\/MALAKA-SOUND20.jpg","datePublished":"2024-06-06T12:19:15+00:00","dateModified":"2025-04-08T07:31:35+00:00","description":"Malaka Sound is a Integrative Sound Company for TV, Feature Films, Commercials and Branded Content with more than 15 years in the market.","breadcrumb":{"@id":"https:\/\/malakasound.com\/es\/postproduccion\/#breadcrumb"},"inLanguage":"es","potentialAction":[{"@type":"ReadAction","target":["https:\/\/malakasound.com\/es\/postproduccion\/"]}]},{"@type":"ImageObject","inLanguage":"es","@id":"https:\/\/malakasound.com\/es\/postproduccion\/#primaryimage","url":"https:\/\/malakasound.com\/wp-content\/uploads\/2024\/05\/MALAKA-SOUND20.jpg","contentUrl":"https:\/\/malakasound.com\/wp-content\/uploads\/2024\/05\/MALAKA-SOUND20.jpg","width":720,"height":507},{"@type":"BreadcrumbList","@id":"https:\/\/malakasound.com\/es\/postproduccion\/#breadcrumb","itemListElement":[{"@type":"ListItem","position":1,"name":"Portada","item":"https:\/\/malakasound.com\/es\/"},{"@type":"ListItem","position":2,"name":"Postproduccion"}]},{"@type":"WebSite","@id":"https:\/\/malakasound.com\/#website","url":"https:\/\/malakasound.com\/","name":"KitDigital.dev Plantilla","description":"","potentialAction":[{"@type":"SearchAction","target":{"@type":"EntryPoint","urlTemplate":"https:\/\/malakasound.com\/?s={search_term_string}"},"query-input":{"@type":"PropertyValueSpecification","valueRequired":true,"valueName":"search_term_string"}}],"inLanguage":"es"}]}},"_links":{"self":[{"href":"https:\/\/malakasound.com\/es\/wp-json\/wp\/v2\/pages\/1301","targetHints":{"allow":["GET"]}}],"collection":[{"href":"https:\/\/malakasound.com\/es\/wp-json\/wp\/v2\/pages"}],"about":[{"href":"https:\/\/malakasound.com\/es\/wp-json\/wp\/v2\/types\/page"}],"author":[{"embeddable":true,"href":"https:\/\/malakasound.com\/es\/wp-json\/wp\/v2\/users\/4"}],"replies":[{"embeddable":true,"href":"https:\/\/malakasound.com\/es\/wp-json\/wp\/v2\/comments?post=1301"}],"version-history":[{"count":77,"href":"https:\/\/malakasound.com\/es\/wp-json\/wp\/v2\/pages\/1301\/revisions"}],"predecessor-version":[{"id":3964,"href":"https:\/\/malakasound.com\/es\/wp-json\/wp\/v2\/pages\/1301\/revisions\/3964"}],"wp:featuredmedia":[{"embeddable":true,"href":"https:\/\/malakasound.com\/es\/wp-json\/wp\/v2\/media\/734"}],"wp:attachment":[{"href":"https:\/\/malakasound.com\/es\/wp-json\/wp\/v2\/media?parent=1301"}],"curies":[{"name":"wp","href":"https:\/\/api.w.org\/{rel}","templated":true}]}}