{"id":107,"date":"2023-07-19T01:02:12","date_gmt":"2023-07-18T23:02:12","guid":{"rendered":"https:\/\/malakasound.com\/?page_id=107"},"modified":"2025-03-06T13:16:07","modified_gmt":"2025-03-06T11:16:07","slug":"sonido-en-locacion","status":"publish","type":"page","link":"https:\/\/malakasound.com\/es\/sonido-en-locacion\/","title":{"rendered":"Sonido Directo"},"content":{"rendered":"\t\t<div data-elementor-type=\"wp-page\" data-elementor-id=\"107\" class=\"elementor elementor-107\" data-elementor-post-type=\"page\">\n\t\t\t\t\t\t<section class=\"elementor-section elementor-top-section elementor-element elementor-element-fd8e438 elementor-section-height-min-height elementor-section-boxed elementor-section-height-default elementor-section-items-middle\" data-id=\"fd8e438\" data-element_type=\"section\" data-settings=\"{&quot;background_background&quot;:&quot;classic&quot;}\">\n\t\t\t\t\t\t\t<div class=\"elementor-background-overlay\"><\/div>\n\t\t\t\t\t\t\t<div class=\"elementor-container elementor-column-gap-default\">\n\t\t\t\t\t<div class=\"elementor-column elementor-col-100 elementor-top-column elementor-element elementor-element-1e482ab\" data-id=\"1e482ab\" data-element_type=\"column\">\n\t\t\t<div class=\"elementor-widget-wrap elementor-element-populated\">\n\t\t\t\t\t\t<div class=\"elementor-element elementor-element-92e4ece elementor-widget elementor-widget-heading\" data-id=\"92e4ece\" data-element_type=\"widget\" data-widget_type=\"heading.default\">\n\t\t\t\t<div class=\"elementor-widget-container\">\n\t\t\t\t\t<h1 class=\"elementor-heading-title elementor-size-default\">SERVICIOS<\/h1>\t\t\t\t<\/div>\n\t\t\t\t<\/div>\n\t\t\t\t\t<\/div>\n\t\t<\/div>\n\t\t\t\t\t<\/div>\n\t\t<\/section>\n\t\t\t\t<section class=\"elementor-section elementor-top-section elementor-element elementor-element-91e6857 elementor-section-boxed elementor-section-height-default elementor-section-height-default\" data-id=\"91e6857\" data-element_type=\"section\" data-settings=\"{&quot;background_background&quot;:&quot;classic&quot;,&quot;shape_divider_top&quot;:&quot;opacity-fan&quot;,&quot;shape_divider_bottom&quot;:&quot;opacity-fan&quot;}\">\n\t\t\t\t\t\t\t<div class=\"elementor-background-overlay\"><\/div>\n\t\t\t\t\t\t<div class=\"elementor-shape elementor-shape-top\" aria-hidden=\"true\" data-negative=\"false\">\n\t\t\t<svg xmlns=\"http:\/\/www.w3.org\/2000\/svg\" viewBox=\"0 0 283.5 19.6\" preserveAspectRatio=\"none\">\n\t<path class=\"elementor-shape-fill\" style=\"opacity:0.33\" d=\"M0 0L0 18.8 141.8 4.1 283.5 18.8 283.5 0z\"\/>\n\t<path class=\"elementor-shape-fill\" style=\"opacity:0.33\" d=\"M0 0L0 12.6 141.8 4 283.5 12.6 283.5 0z\"\/>\n\t<path class=\"elementor-shape-fill\" style=\"opacity:0.33\" d=\"M0 0L0 6.4 141.8 4 283.5 6.4 283.5 0z\"\/>\n\t<path class=\"elementor-shape-fill\" d=\"M0 0L0 1.2 141.8 4 283.5 1.2 283.5 0z\"\/>\n<\/svg>\t\t<\/div>\n\t\t\t\t<div class=\"elementor-shape elementor-shape-bottom\" aria-hidden=\"true\" data-negative=\"false\">\n\t\t\t<svg xmlns=\"http:\/\/www.w3.org\/2000\/svg\" viewBox=\"0 0 283.5 19.6\" preserveAspectRatio=\"none\">\n\t<path class=\"elementor-shape-fill\" style=\"opacity:0.33\" d=\"M0 0L0 18.8 141.8 4.1 283.5 18.8 283.5 0z\"\/>\n\t<path class=\"elementor-shape-fill\" style=\"opacity:0.33\" d=\"M0 0L0 12.6 141.8 4 283.5 12.6 283.5 0z\"\/>\n\t<path class=\"elementor-shape-fill\" style=\"opacity:0.33\" d=\"M0 0L0 6.4 141.8 4 283.5 6.4 283.5 0z\"\/>\n\t<path class=\"elementor-shape-fill\" d=\"M0 0L0 1.2 141.8 4 283.5 1.2 283.5 0z\"\/>\n<\/svg>\t\t<\/div>\n\t\t\t\t\t<div class=\"elementor-container elementor-column-gap-default\">\n\t\t\t\t\t<div class=\"elementor-column elementor-col-100 elementor-top-column elementor-element elementor-element-33a7485\" data-id=\"33a7485\" data-element_type=\"column\">\n\t\t\t<div class=\"elementor-widget-wrap elementor-element-populated\">\n\t\t\t\t\t\t<section class=\"elementor-section elementor-inner-section elementor-element elementor-element-c9f4b5e elementor-section-boxed elementor-section-height-default elementor-section-height-default\" data-id=\"c9f4b5e\" data-element_type=\"section\">\n\t\t\t\t\t\t<div class=\"elementor-container elementor-column-gap-default\">\n\t\t\t\t\t<div class=\"elementor-column elementor-col-50 elementor-inner-column elementor-element elementor-element-921c9bb\" data-id=\"921c9bb\" data-element_type=\"column\">\n\t\t\t<div class=\"elementor-widget-wrap elementor-element-populated\">\n\t\t\t\t\t\t<div class=\"elementor-element elementor-element-7f39d8f elementor-widget__width-initial elementor-view-default elementor-widget elementor-widget-icon\" data-id=\"7f39d8f\" data-element_type=\"widget\" data-widget_type=\"icon.default\">\n\t\t\t\t<div class=\"elementor-widget-container\">\n\t\t\t\t\t\t\t<div class=\"elementor-icon-wrapper\">\n\t\t\t<div class=\"elementor-icon\">\n\t\t\t<i aria-hidden=\"true\" class=\"fas fa-map-marker-alt\"><\/i>\t\t\t<\/div>\n\t\t<\/div>\n\t\t\t\t\t\t<\/div>\n\t\t\t\t<\/div>\n\t\t\t\t<div class=\"elementor-element elementor-element-5b0650c elementor-widget__width-initial elementor-widget-tablet__width-initial elementor-widget-mobile__width-initial elementor-widget elementor-widget-heading\" data-id=\"5b0650c\" data-element_type=\"widget\" data-widget_type=\"heading.default\">\n\t\t\t\t<div class=\"elementor-widget-container\">\n\t\t\t\t\t<h2 class=\"elementor-heading-title elementor-size-default\">SONIDO DIRECTO<\/h2>\t\t\t\t<\/div>\n\t\t\t\t<\/div>\n\t\t\t\t<div class=\"elementor-element elementor-element-67e070b elementor-widget elementor-widget-text-editor\" data-id=\"67e070b\" data-element_type=\"widget\" data-widget_type=\"text-editor.default\">\n\t\t\t\t<div class=\"elementor-widget-container\">\n\t\t\t\t\t\t\t\t\t<p>En Malaka Sound somos especialistas en sonido directo para el medio audiovisual con m\u00e1s de 20 a\u00f1os de experiencia en rodajes de todo tipo: Series, Largometrajes, publicidad, programas de televisi\u00f3n, etc. Seguimos afrontando el siguiente proyecto al que nos enfrentamos con la misma ilusi\u00f3n que la primera vez.<\/p>\t\t\t\t\t\t\t\t<\/div>\n\t\t\t\t<\/div>\n\t\t\t\t\t<\/div>\n\t\t<\/div>\n\t\t\t\t<div class=\"elementor-column elementor-col-50 elementor-inner-column elementor-element elementor-element-66a32a1\" data-id=\"66a32a1\" data-element_type=\"column\">\n\t\t\t<div class=\"elementor-widget-wrap elementor-element-populated\">\n\t\t\t\t\t\t<div class=\"elementor-element elementor-element-08f7c31 elementor-widget elementor-widget-image\" data-id=\"08f7c31\" data-element_type=\"widget\" data-widget_type=\"image.default\">\n\t\t\t\t<div class=\"elementor-widget-container\">\n\t\t\t\t\t\t\t\t\t\t\t\t\t\t\t<img fetchpriority=\"high\" decoding=\"async\" width=\"476\" height=\"465\" src=\"https:\/\/malakasound.com\/wp-content\/uploads\/2024\/05\/76c3ae_9be14920e41649c9b89cd13ad49cff4cmv2.webp\" class=\"attachment-large size-large wp-image-967\" alt=\"\" srcset=\"https:\/\/malakasound.com\/wp-content\/uploads\/2024\/05\/76c3ae_9be14920e41649c9b89cd13ad49cff4cmv2.webp 476w, https:\/\/malakasound.com\/wp-content\/uploads\/2024\/05\/76c3ae_9be14920e41649c9b89cd13ad49cff4cmv2-300x293.webp 300w\" sizes=\"(max-width: 476px) 100vw, 476px\" \/>\t\t\t\t\t\t\t\t\t\t\t\t\t\t\t<\/div>\n\t\t\t\t<\/div>\n\t\t\t\t\t<\/div>\n\t\t<\/div>\n\t\t\t\t\t<\/div>\n\t\t<\/section>\n\t\t\t\t<section class=\"elementor-section elementor-inner-section elementor-element elementor-element-e531fc8 elementor-section-boxed elementor-section-height-default elementor-section-height-default\" data-id=\"e531fc8\" data-element_type=\"section\">\n\t\t\t\t\t\t<div class=\"elementor-container elementor-column-gap-default\">\n\t\t\t\t\t<div class=\"elementor-column elementor-col-100 elementor-inner-column elementor-element elementor-element-963fdd3\" data-id=\"963fdd3\" data-element_type=\"column\">\n\t\t\t<div class=\"elementor-widget-wrap elementor-element-populated\">\n\t\t\t\t\t\t<div class=\"elementor-element elementor-element-bb901cc elementor-widget elementor-widget-text-editor\" data-id=\"bb901cc\" data-element_type=\"widget\" data-widget_type=\"text-editor.default\">\n\t\t\t\t<div class=\"elementor-widget-container\">\n\t\t\t\t\t\t\t\t\t<p><span style=\"font-weight: 400\">Para nosotros la clave de un buen sonido directo en un proyecto audiovisual es la preproducci\u00f3n. Lectura y an\u00e1lisis del guion, visita de localizaciones, la planificaci\u00f3n, anticipaci\u00f3n a problemas, las reuniones con departamentos y el trabajo en equipo.<\/span><\/p><p><span style=\"font-weight: 400\">El set de rodaje es nuestra casa donde siempre tratamos de medir cada detalle al mil\u00edmetro e inculcamos la importancia de nuestro trabajo a todos los componentes de nuestro equipo.<\/span><\/p><p><span style=\"font-weight: 400\">Para sonido directo en rodaje disponemos varias unidades de material de primer nivel que vamos actualizando constantemente con los nuevos avances que aparecen en la industria.<\/span><\/p><p><span style=\"font-weight: 400\">Realizamos grabaciones de ambientes en distintos formatos (Stereo e inmersivo) durante la producci\u00f3n.<\/span><\/p>\t\t\t\t\t\t\t\t<\/div>\n\t\t\t\t<\/div>\n\t\t\t\t<div class=\"elementor-element elementor-element-5a86ac5 elementor-widget__width-initial elementor-widget elementor-widget-heading\" data-id=\"5a86ac5\" data-element_type=\"widget\" data-widget_type=\"heading.default\">\n\t\t\t\t<div class=\"elementor-widget-container\">\n\t\t\t\t\t<h2 class=\"elementor-heading-title elementor-size-default\">SERVICIOS<\/h2>\t\t\t\t<\/div>\n\t\t\t\t<\/div>\n\t\t\t\t<div class=\"elementor-element elementor-element-8f1d226 elementor-widget elementor-widget-text-editor\" data-id=\"8f1d226\" data-element_type=\"widget\" data-widget_type=\"text-editor.default\">\n\t\t\t\t<div class=\"elementor-widget-container\">\n\t\t\t\t\t\t\t\t\t<ul><li style=\"font-weight: 400\"><span style=\"font-weight: 400\">Producci\u00f3n y soluciones t\u00e9cnicas de grabaci\u00f3n.<\/span><\/li><li style=\"font-weight: 400\"><span style=\"font-weight: 400\">Diferentes configuraciones para producci\u00f3n de sonido para audiovisuales seg\u00fan el tipo de rodaje.<\/span><\/li><li style=\"font-weight: 400\"><span style=\"font-weight: 400\">Ficci\u00f3n (CINE Y TV).<\/span><\/li><li style=\"font-weight: 400\"><span style=\"font-weight: 400\">Publicidad.<\/span><\/li><li style=\"font-weight: 400\"><span style=\"font-weight: 400\">Documentales, ENG.<\/span><\/li><li style=\"font-weight: 400\"><span style=\"font-weight: 400\">Reality TV shows.<\/span><\/li><li style=\"font-weight: 400\"><span style=\"font-weight: 400\">Rodajes multicamara.<\/span><\/li><li style=\"font-weight: 400\"><span style=\"font-weight: 400\">Grabaci\u00f3n de campo (stereo, inmersivo, Ambisonic).<\/span><\/li><li style=\"font-weight: 400\"><span style=\"font-weight: 400\">Varias unidades de rodaje.<\/span><\/li><li style=\"font-weight: 400\"><span style=\"font-weight: 400\">Grabaci\u00f3n de sonido para videos 360\u00ba y VR.<\/span><\/li><\/ul>\t\t\t\t\t\t\t\t<\/div>\n\t\t\t\t<\/div>\n\t\t\t\t<div class=\"elementor-element elementor-element-1b16489 elementor-align-center elementor-widget__width-initial elementor-widget elementor-widget-button\" data-id=\"1b16489\" data-element_type=\"widget\" data-widget_type=\"button.default\">\n\t\t\t\t<div class=\"elementor-widget-container\">\n\t\t\t\t\t\t\t\t\t<div class=\"elementor-button-wrapper\">\n\t\t\t\t\t<a class=\"elementor-button elementor-button-link elementor-size-sm\" href=\"\/es\/inicio#SERVICES\">\n\t\t\t\t\t\t<span class=\"elementor-button-content-wrapper\">\n\t\t\t\t\t\t\t\t\t<span class=\"elementor-button-text\">VOLVER<\/span>\n\t\t\t\t\t<\/span>\n\t\t\t\t\t<\/a>\n\t\t\t\t<\/div>\n\t\t\t\t\t\t\t\t<\/div>\n\t\t\t\t<\/div>\n\t\t\t\t\t<\/div>\n\t\t<\/div>\n\t\t\t\t\t<\/div>\n\t\t<\/section>\n\t\t\t\t\t<\/div>\n\t\t<\/div>\n\t\t\t\t\t<\/div>\n\t\t<\/section>\n\t\t\t\t<section class=\"elementor-section elementor-top-section elementor-element elementor-element-389c42c elementor-section-boxed elementor-section-height-default elementor-section-height-default\" data-id=\"389c42c\" data-element_type=\"section\" data-settings=\"{&quot;background_background&quot;:&quot;classic&quot;}\">\n\t\t\t\t\t\t<div class=\"elementor-container elementor-column-gap-default\">\n\t\t\t\t\t<div class=\"elementor-column elementor-col-100 elementor-top-column elementor-element elementor-element-e32a8dc\" data-id=\"e32a8dc\" data-element_type=\"column\">\n\t\t\t<div class=\"elementor-widget-wrap elementor-element-populated\">\n\t\t\t\t\t\t<div class=\"elementor-element elementor-element-6452417 elementor-widget elementor-widget-spacer\" data-id=\"6452417\" data-element_type=\"widget\" data-widget_type=\"spacer.default\">\n\t\t\t\t<div class=\"elementor-widget-container\">\n\t\t\t\t\t\t\t<div class=\"elementor-spacer\">\n\t\t\t<div class=\"elementor-spacer-inner\"><\/div>\n\t\t<\/div>\n\t\t\t\t\t\t<\/div>\n\t\t\t\t<\/div>\n\t\t\t\t\t<\/div>\n\t\t<\/div>\n\t\t\t\t\t<\/div>\n\t\t<\/section>\n\t\t\t\t<section class=\"elementor-section elementor-top-section elementor-element elementor-element-e00cf18 elementor-section-boxed elementor-section-height-default elementor-section-height-default\" data-id=\"e00cf18\" data-element_type=\"section\">\n\t\t\t\t\t\t<div class=\"elementor-container elementor-column-gap-default\">\n\t\t\t\t\t<div class=\"elementor-column elementor-col-100 elementor-top-column elementor-element elementor-element-4327b8a\" data-id=\"4327b8a\" data-element_type=\"column\">\n\t\t\t<div class=\"elementor-widget-wrap elementor-element-populated\">\n\t\t\t\t\t\t<div class=\"elementor-element elementor-element-7673b6d elementor-widget elementor-widget-spacer\" data-id=\"7673b6d\" data-element_type=\"widget\" data-widget_type=\"spacer.default\">\n\t\t\t\t<div class=\"elementor-widget-container\">\n\t\t\t\t\t\t\t<div class=\"elementor-spacer\">\n\t\t\t<div class=\"elementor-spacer-inner\"><\/div>\n\t\t<\/div>\n\t\t\t\t\t\t<\/div>\n\t\t\t\t<\/div>\n\t\t\t\t\t<\/div>\n\t\t<\/div>\n\t\t\t\t\t<\/div>\n\t\t<\/section>\n\t\t\t\t<\/div>\n\t\t","protected":false},"excerpt":{"rendered":"<p>SERVICIOS SONIDO DIRECTO En Malaka Sound somos especialistas en sonido directo para el medio audiovisual con m\u00e1s de 20 a\u00f1os de experiencia en rodajes de todo tipo: Series, Largometrajes, publicidad, programas de televisi\u00f3n, etc. Seguimos afrontando el siguiente proyecto al que nos enfrentamos con la misma ilusi\u00f3n que la primera vez. Para nosotros la clave [&hellip;]<\/p>\n","protected":false},"author":1,"featured_media":734,"parent":0,"menu_order":0,"comment_status":"closed","ping_status":"closed","template":"","meta":{"footnotes":""},"class_list":["post-107","page","type-page","status-publish","has-post-thumbnail","hentry"],"yoast_head":"<!-- This site is optimized with the Yoast SEO Premium plugin v20.11 (Yoast SEO v23.9) - https:\/\/yoast.com\/wordpress\/plugins\/seo\/ -->\n<title>Malaka Sound - Location &amp; postproduction sound services<\/title>\n<meta name=\"description\" content=\"Malaka Sound is a Integrative Sound Company for TV, Feature Films, Commercials and Branded Content with more than 15 years in the market.\" \/>\n<meta name=\"robots\" content=\"index, follow, max-snippet:-1, max-image-preview:large, max-video-preview:-1\" \/>\n<link rel=\"canonical\" href=\"https:\/\/malakasound.com\/es\/sonido-en-locacion\/\" \/>\n<meta property=\"og:locale\" content=\"es_ES\" \/>\n<meta property=\"og:type\" content=\"article\" \/>\n<meta property=\"og:title\" content=\"Sonido Directo\" \/>\n<meta property=\"og:description\" content=\"Malaka Sound is a Integrative Sound Company for TV, Feature Films, Commercials and Branded Content with more than 15 years in the market.\" \/>\n<meta property=\"og:url\" content=\"https:\/\/malakasound.com\/es\/sonido-en-locacion\/\" \/>\n<meta property=\"og:site_name\" content=\"KitDigital.dev Plantilla\" \/>\n<meta property=\"article:modified_time\" content=\"2025-03-06T11:16:07+00:00\" \/>\n<meta property=\"og:image\" content=\"https:\/\/malakasound.com\/wp-content\/uploads\/2024\/05\/MALAKA-SOUND20.jpg\" \/>\n\t<meta property=\"og:image:width\" content=\"720\" \/>\n\t<meta property=\"og:image:height\" content=\"507\" \/>\n\t<meta property=\"og:image:type\" content=\"image\/jpeg\" \/>\n<meta name=\"twitter:card\" content=\"summary_large_image\" \/>\n<meta name=\"twitter:label1\" content=\"Tiempo de lectura\" \/>\n\t<meta name=\"twitter:data1\" content=\"2 minutos\" \/>\n<script type=\"application\/ld+json\" class=\"yoast-schema-graph\">{\"@context\":\"https:\/\/schema.org\",\"@graph\":[{\"@type\":\"WebPage\",\"@id\":\"https:\/\/malakasound.com\/es\/sonido-en-locacion\/\",\"url\":\"https:\/\/malakasound.com\/es\/sonido-en-locacion\/\",\"name\":\"Malaka Sound - Location & postproduction sound services\",\"isPartOf\":{\"@id\":\"https:\/\/malakasound.com\/#website\"},\"primaryImageOfPage\":{\"@id\":\"https:\/\/malakasound.com\/es\/sonido-en-locacion\/#primaryimage\"},\"image\":{\"@id\":\"https:\/\/malakasound.com\/es\/sonido-en-locacion\/#primaryimage\"},\"thumbnailUrl\":\"https:\/\/malakasound.com\/wp-content\/uploads\/2024\/05\/MALAKA-SOUND20.jpg\",\"datePublished\":\"2023-07-18T23:02:12+00:00\",\"dateModified\":\"2025-03-06T11:16:07+00:00\",\"description\":\"Malaka Sound is a Integrative Sound Company for TV, Feature Films, Commercials and Branded Content with more than 15 years in the market.\",\"breadcrumb\":{\"@id\":\"https:\/\/malakasound.com\/es\/sonido-en-locacion\/#breadcrumb\"},\"inLanguage\":\"es\",\"potentialAction\":[{\"@type\":\"ReadAction\",\"target\":[\"https:\/\/malakasound.com\/es\/sonido-en-locacion\/\"]}]},{\"@type\":\"ImageObject\",\"inLanguage\":\"es\",\"@id\":\"https:\/\/malakasound.com\/es\/sonido-en-locacion\/#primaryimage\",\"url\":\"https:\/\/malakasound.com\/wp-content\/uploads\/2024\/05\/MALAKA-SOUND20.jpg\",\"contentUrl\":\"https:\/\/malakasound.com\/wp-content\/uploads\/2024\/05\/MALAKA-SOUND20.jpg\",\"width\":720,\"height\":507},{\"@type\":\"BreadcrumbList\",\"@id\":\"https:\/\/malakasound.com\/es\/sonido-en-locacion\/#breadcrumb\",\"itemListElement\":[{\"@type\":\"ListItem\",\"position\":1,\"name\":\"Portada\",\"item\":\"https:\/\/malakasound.com\/es\/\"},{\"@type\":\"ListItem\",\"position\":2,\"name\":\"Sonido Directo\"}]},{\"@type\":\"WebSite\",\"@id\":\"https:\/\/malakasound.com\/#website\",\"url\":\"https:\/\/malakasound.com\/\",\"name\":\"KitDigital.dev Plantilla\",\"description\":\"\",\"potentialAction\":[{\"@type\":\"SearchAction\",\"target\":{\"@type\":\"EntryPoint\",\"urlTemplate\":\"https:\/\/malakasound.com\/?s={search_term_string}\"},\"query-input\":{\"@type\":\"PropertyValueSpecification\",\"valueRequired\":true,\"valueName\":\"search_term_string\"}}],\"inLanguage\":\"es\"}]}<\/script>\n<!-- \/ Yoast SEO Premium plugin. -->","yoast_head_json":{"title":"Malaka Sound - Location & postproduction sound services","description":"Malaka Sound is a Integrative Sound Company for TV, Feature Films, Commercials and Branded Content with more than 15 years in the market.","robots":{"index":"index","follow":"follow","max-snippet":"max-snippet:-1","max-image-preview":"max-image-preview:large","max-video-preview":"max-video-preview:-1"},"canonical":"https:\/\/malakasound.com\/es\/sonido-en-locacion\/","og_locale":"es_ES","og_type":"article","og_title":"Sonido Directo","og_description":"Malaka Sound is a Integrative Sound Company for TV, Feature Films, Commercials and Branded Content with more than 15 years in the market.","og_url":"https:\/\/malakasound.com\/es\/sonido-en-locacion\/","og_site_name":"KitDigital.dev Plantilla","article_modified_time":"2025-03-06T11:16:07+00:00","og_image":[{"width":720,"height":507,"url":"https:\/\/malakasound.com\/wp-content\/uploads\/2024\/05\/MALAKA-SOUND20.jpg","type":"image\/jpeg"}],"twitter_card":"summary_large_image","twitter_misc":{"Tiempo de lectura":"2 minutos"},"schema":{"@context":"https:\/\/schema.org","@graph":[{"@type":"WebPage","@id":"https:\/\/malakasound.com\/es\/sonido-en-locacion\/","url":"https:\/\/malakasound.com\/es\/sonido-en-locacion\/","name":"Malaka Sound - Location & postproduction sound services","isPartOf":{"@id":"https:\/\/malakasound.com\/#website"},"primaryImageOfPage":{"@id":"https:\/\/malakasound.com\/es\/sonido-en-locacion\/#primaryimage"},"image":{"@id":"https:\/\/malakasound.com\/es\/sonido-en-locacion\/#primaryimage"},"thumbnailUrl":"https:\/\/malakasound.com\/wp-content\/uploads\/2024\/05\/MALAKA-SOUND20.jpg","datePublished":"2023-07-18T23:02:12+00:00","dateModified":"2025-03-06T11:16:07+00:00","description":"Malaka Sound is a Integrative Sound Company for TV, Feature Films, Commercials and Branded Content with more than 15 years in the market.","breadcrumb":{"@id":"https:\/\/malakasound.com\/es\/sonido-en-locacion\/#breadcrumb"},"inLanguage":"es","potentialAction":[{"@type":"ReadAction","target":["https:\/\/malakasound.com\/es\/sonido-en-locacion\/"]}]},{"@type":"ImageObject","inLanguage":"es","@id":"https:\/\/malakasound.com\/es\/sonido-en-locacion\/#primaryimage","url":"https:\/\/malakasound.com\/wp-content\/uploads\/2024\/05\/MALAKA-SOUND20.jpg","contentUrl":"https:\/\/malakasound.com\/wp-content\/uploads\/2024\/05\/MALAKA-SOUND20.jpg","width":720,"height":507},{"@type":"BreadcrumbList","@id":"https:\/\/malakasound.com\/es\/sonido-en-locacion\/#breadcrumb","itemListElement":[{"@type":"ListItem","position":1,"name":"Portada","item":"https:\/\/malakasound.com\/es\/"},{"@type":"ListItem","position":2,"name":"Sonido Directo"}]},{"@type":"WebSite","@id":"https:\/\/malakasound.com\/#website","url":"https:\/\/malakasound.com\/","name":"KitDigital.dev Plantilla","description":"","potentialAction":[{"@type":"SearchAction","target":{"@type":"EntryPoint","urlTemplate":"https:\/\/malakasound.com\/?s={search_term_string}"},"query-input":{"@type":"PropertyValueSpecification","valueRequired":true,"valueName":"search_term_string"}}],"inLanguage":"es"}]}},"_links":{"self":[{"href":"https:\/\/malakasound.com\/es\/wp-json\/wp\/v2\/pages\/107","targetHints":{"allow":["GET"]}}],"collection":[{"href":"https:\/\/malakasound.com\/es\/wp-json\/wp\/v2\/pages"}],"about":[{"href":"https:\/\/malakasound.com\/es\/wp-json\/wp\/v2\/types\/page"}],"author":[{"embeddable":true,"href":"https:\/\/malakasound.com\/es\/wp-json\/wp\/v2\/users\/1"}],"replies":[{"embeddable":true,"href":"https:\/\/malakasound.com\/es\/wp-json\/wp\/v2\/comments?post=107"}],"version-history":[{"count":102,"href":"https:\/\/malakasound.com\/es\/wp-json\/wp\/v2\/pages\/107\/revisions"}],"predecessor-version":[{"id":3942,"href":"https:\/\/malakasound.com\/es\/wp-json\/wp\/v2\/pages\/107\/revisions\/3942"}],"wp:featuredmedia":[{"embeddable":true,"href":"https:\/\/malakasound.com\/es\/wp-json\/wp\/v2\/media\/734"}],"wp:attachment":[{"href":"https:\/\/malakasound.com\/es\/wp-json\/wp\/v2\/media?parent=107"}],"curies":[{"name":"wp","href":"https:\/\/api.w.org\/{rel}","templated":true}]}}